{"id":3800,"date":"2021-04-07T18:06:23","date_gmt":"2021-04-07T18:06:23","guid":{"rendered":"https:\/\/afipe.es\/?page_id=3800"},"modified":"2023-01-16T20:25:53","modified_gmt":"2023-01-16T20:25:53","slug":"inicio","status":"publish","type":"page","link":"https:\/\/afipe.es\/en\/","title":{"rendered":"Home"},"content":{"rendered":"<div class=\"wpb-content-wrapper\"><p>[vc_row][vc_column width=&#8221;2\/3&#8243;][layerslider_vc id=&#8221;1&#8243;][\/vc_column][vc_column width=&#8221;1\/3&#8243;][vc_column_text css_animation=&#8221;right-to-left&#8221; css=&#8221;.vc_custom_1622232479756{margin-top: -7px !important;}&#8221;]<\/p>\n<div class=\"title-h1\" style=\"margin-bottom: 25px; text-align: center;\"><span style=\"color: #99ccff;\">AFIPE<\/span><\/div>\n<p>[\/vc_column_text]<div class=\"clearboth\"><\/div><div id=\"thegem-divider-69fc27d8cdcd3\" class=\"gem-divider  \" style=\"\" ><\/div>[vc_column_text css_animation=&#8221;right-to-left&#8221;]<\/p>\n<div class=\"title-h5\" style=\"text-align: center;\"><em><span style=\"font-weight: 300;\">Physical-sports activity in specific populations<\/span><\/em><\/div>\n<p>[\/vc_column_text][vc_column_text]<\/p>\n<p style=\"text-align: justify;\">Every day more scientific evidence is known about the influence of exercise on human health. However, there is a significant knowledge gap regarding specific populations. Our research work is the result of a teamwork between professors and researchers from the <span style=\"color: #00ccff;\"><em><strong>Faculty of Physical Activity and Sports Sciences (UPM &#8211; INEF)<\/strong><\/em><\/span>, as a sign of the richness and complexity of our field of study.<\/p>\n<p>[\/vc_column_text][\/vc_column][\/vc_row][vc_row full_width=&#8221;stretch_row&#8221; content_placement=&#8221;top&#8221; css=&#8221;.vc_custom_1626105049901{margin-bottom: 0px !important;background-color: #ffffff !important;background-position: center !important;background-repeat: no-repeat !important;background-size: cover !important;}&#8221; el_class=&#8221;no-padding-quick&#8221; custom_css_code=&#8221;LnF1aWNrZmluZGVyLWl0ZW0tYm94JTdCJTBBJTIwJTIwJTIwJTIwcGFkZGluZyUzQTI1cHglM0IlMEElN0Q=&#8221;][vc_column]<div class=\"clearboth\"><\/div><div id=\"thegem-divider-69fc27d8cdcf0\" class=\"gem-divider  \" style=\"\" ><\/div><div class=\"clearboth\"><\/div><div id=\"thegem-divider-69fc27d8cdd07\" class=\"gem-divider  \" style=\"\" ><\/div>[vc_column_text]<\/p>\n<h1 style=\"text-align: left;\"><span class=\"light\" style=\"color: #3c3950;\">research<\/span><\/h1>\n<p>[\/vc_column_text][vc_column_text]<\/p>\n<h1 style=\"background: #99ccff; width: auto; display: inline-block; padding: 0px 15px; text-align: center;\"><span style=\"color: #ffffff;\">lines<\/span><\/h1>\n<p>[\/vc_column_text]<div class=\"quickfinder quickfinder-style-classic quickfinder-binded row inline-row quickfinder-icon-position-top-float quickfinder-alignment-right quickfinder-title-thin\" data-hover-box-color=\"#99ccff\"><div id=\"post-4861\" class=\"quickfinder-item inline-column col-md-4 col-sm-6 col-xs-12 quickfinder-item-effect-simple icon-size-large quickfinder-box-style-solid post-4861 thegem_qf_item type-thegem_qf_item status-publish\" data-ll-item-delay=\"0\"> <div class=\"quickfinder-item-box\" style=\"\"> <div class=\"quickfinder-item-table\">\t<div class=\"quickfinder-item-inner\"> <div class=\"quickfinder-item-info-wrapper\"> <div class=\"quickfinder-item-info \" > <div class=\"quickfinder-item-title\" style=\"color: #3c3950;\">Pregnancy &#038; exercise<\/div> <div class=\"quickfinder-item-text\" style=\"color: #4d4d4d;\">Access to line of research on pregnancy and exercise (on this same website).<\/div> <\/div> <\/div> <div class=\"quickfinder-item-image\"> <div class=\"quickfinder-item-image-content \" > <div class=\"quickfinder-item-image-wrapper\"> <div class=\"gem-icon gem-icon-pack-material gem-icon-size-large angle-90deg gem-icon-shape-circle gem-simple-icon\" style=\"opacity: 1;\"><div class=\"gem-icon-inner\" style=\"\"><span class=\"gem-icon-half-1\" style=\"color: #de4461;\"><span class=\"back-angle\">&#xf349;<\/span><\/span><span class=\"gem-icon-half-2\" style=\"color: #f74f6f;\"><span class=\"back-angle\">&#xf349;<\/span><\/span><\/div><\/div> <\/div> <\/div> <\/div> <\/div> <\/div>\t<\/div> <a href=\"https:\/\/afipe.es\/pregnancyexercise\/\" target=\"_self\" class=\"quickfinder-item-link\"><\/a> <\/div> <div id=\"post-4857\" class=\"quickfinder-item inline-column col-md-4 col-sm-6 col-xs-12 quickfinder-item-effect-simple icon-size-large quickfinder-box-style-solid post-4857 thegem_qf_item type-thegem_qf_item status-publish\" data-ll-item-delay=\"0\"> <div class=\"quickfinder-item-box\" style=\"\"> <div class=\"quickfinder-item-table\">\t<div class=\"quickfinder-item-inner\"> <div class=\"quickfinder-item-info-wrapper\"> <div class=\"quickfinder-item-info \" > <div class=\"quickfinder-item-title\" style=\"color: #3c3950;\">Sports physical activity at school age<\/div> <div class=\"quickfinder-item-text\" style=\"color: #4d4d4d;\">Access to line of research on sports physical activity at school age (on this same website).<\/div> <\/div> <\/div> <div class=\"quickfinder-item-image\"> <div class=\"quickfinder-item-image-content \" > <div class=\"quickfinder-item-image-wrapper\"> <div class=\"gem-icon gem-icon-pack-material gem-icon-size-large angle-90deg gem-icon-shape-circle gem-simple-icon\" style=\"opacity: 1;\"><div class=\"gem-icon-inner\" style=\"\"><span class=\"gem-icon-half-1\" style=\"color: #1da08a;\"><span class=\"back-angle\">&#xf581;<\/span><\/span><span class=\"gem-icon-half-2\" style=\"color: #08be9f;\"><span class=\"back-angle\">&#xf581;<\/span><\/span><\/div><\/div> <\/div> <\/div> <\/div> <\/div> <\/div>\t<\/div> <a href=\"https:\/\/afipe.es\/motivacionyaf\/\" target=\"_self\" class=\"quickfinder-item-link\"><\/a> <\/div> <div id=\"post-4860\" class=\"quickfinder-item inline-column col-md-4 col-sm-6 col-xs-12 quickfinder-item-effect-simple icon-size-large quickfinder-box-style-solid post-4860 thegem_qf_item type-thegem_qf_item status-publish\" data-ll-item-delay=\"0\"> <div class=\"quickfinder-item-box\" style=\"\"> <div class=\"quickfinder-item-table\">\t<div class=\"quickfinder-item-inner\"> <div class=\"quickfinder-item-info-wrapper\"> <div class=\"quickfinder-item-info \" > <div class=\"quickfinder-item-title\" style=\"color: #3c3950;\">Physical activity and disability<\/div> <div class=\"quickfinder-item-text\" style=\"color: #4d4d4d;\">Access to the webpage of the Chair of Inclusive Sports Studies (on this web).<\/div> <\/div> <\/div> <div class=\"quickfinder-item-image\"> <div class=\"quickfinder-item-image-content \" > <div class=\"quickfinder-item-image-wrapper\"> <div class=\"gem-icon gem-icon-pack-material gem-icon-size-large angle-90deg gem-icon-shape-circle gem-simple-icon\" style=\"opacity: 1;\"><div class=\"gem-icon-inner\" style=\"\"><span class=\"gem-icon-half-1\" style=\"color: #7e57c2;\"><span class=\"back-angle\">&#xf29f;<\/span><\/span><span class=\"gem-icon-half-2\" style=\"color: #8e65d6;\"><span class=\"back-angle\">&#xf29f;<\/span><\/span><\/div><\/div> <\/div> <\/div> <\/div> <\/div> <\/div>\t<\/div> <a href=\"https:\/\/afipe.es\/cedi\/\" target=\"_self\" class=\"quickfinder-item-link\"><\/a> <\/div> <\/div>[\/vc_column][\/vc_row]<\/p>\n<\/div>","protected":false},"excerpt":{"rendered":"<p>[vc_row][vc_column width=&#8221;2\/3&#8243;][layerslider_vc id=&#8221;1&#8243;][\/vc_column][vc_column width=&#8221;1\/3&#8243;][vc_column_text css_animation=&#8221;right-to-left&#8221; css=&#8221;.vc_custom_1622232479756{margin-top: -7px !important;}&#8221;] AFIPE [\/vc_column_text][vc_column_text css_animation=&#8221;right-to-left&#8221;] Physical-sports activity in specific populations [\/vc_column_text][vc_column_text] Every day more&#8230;<\/p>\n","protected":false},"author":1,"featured_media":0,"parent":0,"menu_order":1,"comment_status":"closed","ping_status":"closed","template":"","meta":{"footnotes":""},"class_list":["post-3800","page","type-page","status-publish"],"yoast_head":"<!-- This site is optimized with the Yoast SEO plugin v25.2 - https:\/\/yoast.com\/wordpress\/plugins\/seo\/ -->\n<title>Home - Physical-Sports Activity in Specific Populations<\/title>\n<meta name=\"description\" content=\"Website of the research group AFIPE (Physical-Sports Activity in Special Populations) of the Polytechnic University of Madrid (INEF).\" \/>\n<meta name=\"robots\" content=\"index, follow, max-snippet:-1, max-image-preview:large, max-video-preview:-1\" \/>\n<link rel=\"canonical\" href=\"https:\/\/afipe.es\/\" \/>\n<meta property=\"og:locale\" content=\"en_US\" \/>\n<meta property=\"og:type\" content=\"article\" \/>\n<meta property=\"og:title\" content=\"[:es]Inicio - Actividad f\u00edsico-deportiva en poblaciones espec\u00edficas [:en]Home - Physical-Sports Activity in Specific Populations[:]\" \/>\n<meta property=\"og:description\" content=\"{:es}Web del grupo de investigaci\u00f3n AFIPE (Actividad F\u00edsico-Deportiva en Poblaciones Especiales) de la Universidad Polit\u00e9cnica de Madrid (INEF).{:en}Website of the research group AFIPE (Physical-Sports Activity in Special Populations) of the Polytechnic University of Madrid (INEF).{:}\" \/>\n<meta property=\"og:url\" content=\"https:\/\/afipe.es\/\" \/>\n<meta property=\"og:site_name\" content=\"Actividad f\u00edsico-deportiva en poblaciones espec\u00edficas\" \/>\n<meta property=\"article:modified_time\" content=\"2023-01-16T20:25:53+00:00\" \/>\n<meta name=\"twitter:card\" content=\"summary_large_image\" \/>\n<meta name=\"twitter:label1\" content=\"Est. reading time\" \/>\n\t<meta name=\"twitter:data1\" content=\"1 minute\" \/>\n<script type=\"application\/ld+json\" class=\"yoast-schema-graph\">{\"@context\":\"https:\/\/schema.org\",\"@graph\":[{\"@type\":\"WebPage\",\"@id\":\"https:\/\/afipe.es\/\",\"url\":\"https:\/\/afipe.es\/\",\"name\":\"[:es]Inicio - Actividad f\u00edsico-deportiva en poblaciones espec\u00edficas [:en]Home - Physical-Sports Activity in Specific Populations[:]\",\"isPartOf\":{\"@id\":\"https:\/\/afipe.es\/#website\"},\"datePublished\":\"2021-04-07T18:06:23+00:00\",\"dateModified\":\"2023-01-16T20:25:53+00:00\",\"description\":\"{:es}Web del grupo de investigaci\u00f3n AFIPE (Actividad F\u00edsico-Deportiva en Poblaciones Especiales) de la Universidad Polit\u00e9cnica de Madrid (INEF).{:en}Website of the research group AFIPE (Physical-Sports Activity in Special Populations) of the Polytechnic University of Madrid (INEF).{:}\",\"breadcrumb\":{\"@id\":\"https:\/\/afipe.es\/#breadcrumb\"},\"inLanguage\":\"en-US\",\"potentialAction\":[{\"@type\":\"ReadAction\",\"target\":[\"https:\/\/afipe.es\/\"]}]},{\"@type\":\"BreadcrumbList\",\"@id\":\"https:\/\/afipe.es\/#breadcrumb\",\"itemListElement\":[{\"@type\":\"ListItem\",\"position\":1,\"name\":\"Portada\",\"item\":\"https:\/\/afipe.es\/\"},{\"@type\":\"ListItem\",\"position\":2,\"name\":\"Inicio\"}]},{\"@type\":\"WebSite\",\"@id\":\"https:\/\/afipe.es\/#website\",\"url\":\"https:\/\/afipe.es\/\",\"name\":\"Actividad f\u00edsico-deportiva en poblaciones espec\u00edficas\",\"description\":\"AFIPE\",\"potentialAction\":[{\"@type\":\"SearchAction\",\"target\":{\"@type\":\"EntryPoint\",\"urlTemplate\":\"https:\/\/afipe.es\/?s={search_term_string}\"},\"query-input\":{\"@type\":\"PropertyValueSpecification\",\"valueRequired\":true,\"valueName\":\"search_term_string\"}}],\"inLanguage\":\"en-US\"}]}<\/script>\n<!-- \/ Yoast SEO plugin. -->","yoast_head_json":{"title":"Home - Physical-Sports Activity in Specific Populations","description":"Website of the research group AFIPE (Physical-Sports Activity in Special Populations) of the Polytechnic University of Madrid (INEF).","robots":{"index":"index","follow":"follow","max-snippet":"max-snippet:-1","max-image-preview":"max-image-preview:large","max-video-preview":"max-video-preview:-1"},"canonical":"https:\/\/afipe.es\/","og_locale":"en_US","og_type":"article","og_title":"[:es]Inicio - Actividad f\u00edsico-deportiva en poblaciones espec\u00edficas [:en]Home - Physical-Sports Activity in Specific Populations[:]","og_description":"{:es}Web del grupo de investigaci\u00f3n AFIPE (Actividad F\u00edsico-Deportiva en Poblaciones Especiales) de la Universidad Polit\u00e9cnica de Madrid (INEF).{:en}Website of the research group AFIPE (Physical-Sports Activity in Special Populations) of the Polytechnic University of Madrid (INEF).{:}","og_url":"https:\/\/afipe.es\/","og_site_name":"Actividad f\u00edsico-deportiva en poblaciones espec\u00edficas","article_modified_time":"2023-01-16T20:25:53+00:00","twitter_card":"summary_large_image","twitter_misc":{"Est. reading time":"1 minute"},"schema":{"@context":"https:\/\/schema.org","@graph":[{"@type":"WebPage","@id":"https:\/\/afipe.es\/","url":"https:\/\/afipe.es\/","name":"[:es]Inicio - Actividad f\u00edsico-deportiva en poblaciones espec\u00edficas [:en]Home - Physical-Sports Activity in Specific Populations[:]","isPartOf":{"@id":"https:\/\/afipe.es\/#website"},"datePublished":"2021-04-07T18:06:23+00:00","dateModified":"2023-01-16T20:25:53+00:00","description":"{:es}Web del grupo de investigaci\u00f3n AFIPE (Actividad F\u00edsico-Deportiva en Poblaciones Especiales) de la Universidad Polit\u00e9cnica de Madrid (INEF).{:en}Website of the research group AFIPE (Physical-Sports Activity in Special Populations) of the Polytechnic University of Madrid (INEF).{:}","breadcrumb":{"@id":"https:\/\/afipe.es\/#breadcrumb"},"inLanguage":"en-US","potentialAction":[{"@type":"ReadAction","target":["https:\/\/afipe.es\/"]}]},{"@type":"BreadcrumbList","@id":"https:\/\/afipe.es\/#breadcrumb","itemListElement":[{"@type":"ListItem","position":1,"name":"Portada","item":"https:\/\/afipe.es\/"},{"@type":"ListItem","position":2,"name":"Inicio"}]},{"@type":"WebSite","@id":"https:\/\/afipe.es\/#website","url":"https:\/\/afipe.es\/","name":"Actividad f\u00edsico-deportiva en poblaciones espec\u00edficas","description":"AFIPE","potentialAction":[{"@type":"SearchAction","target":{"@type":"EntryPoint","urlTemplate":"https:\/\/afipe.es\/?s={search_term_string}"},"query-input":{"@type":"PropertyValueSpecification","valueRequired":true,"valueName":"search_term_string"}}],"inLanguage":"en-US"}]}},"_links":{"self":[{"href":"https:\/\/afipe.es\/en\/wp-json\/wp\/v2\/pages\/3800","targetHints":{"allow":["GET"]}}],"collection":[{"href":"https:\/\/afipe.es\/en\/wp-json\/wp\/v2\/pages"}],"about":[{"href":"https:\/\/afipe.es\/en\/wp-json\/wp\/v2\/types\/page"}],"author":[{"embeddable":true,"href":"https:\/\/afipe.es\/en\/wp-json\/wp\/v2\/users\/1"}],"replies":[{"embeddable":true,"href":"https:\/\/afipe.es\/en\/wp-json\/wp\/v2\/comments?post=3800"}],"version-history":[{"count":63,"href":"https:\/\/afipe.es\/en\/wp-json\/wp\/v2\/pages\/3800\/revisions"}],"predecessor-version":[{"id":5164,"href":"https:\/\/afipe.es\/en\/wp-json\/wp\/v2\/pages\/3800\/revisions\/5164"}],"wp:attachment":[{"href":"https:\/\/afipe.es\/en\/wp-json\/wp\/v2\/media?parent=3800"}],"curies":[{"name":"wp","href":"https:\/\/api.w.org\/{rel}","templated":true}]}}