{"id":4196,"date":"2021-05-14T09:21:37","date_gmt":"2021-05-14T09:21:37","guid":{"rendered":"https:\/\/afipe.es\/?page_id=4196"},"modified":"2021-05-28T20:50:32","modified_gmt":"2021-05-28T20:50:32","slug":"politica-privacidad","status":"publish","type":"page","link":"https:\/\/afipe.es\/en\/politica-privacidad\/","title":{"rendered":"Privacy policy"},"content":{"rendered":"<div class=\"wpb-content-wrapper\"><p>[vc_row][vc_column][vc_separator color=&#8221;white&#8221;][vc_separator color=&#8221;white&#8221;][vc_column_text css_animation=&#8221;none&#8221;]<\/p>\n<h3 style=\"text-align: center;\"><span style=\"text-decoration: underline;\"><span style=\"color: #99ccff; text-decoration: underline;\">privacy <span class=\"light\">policy<\/span><\/span><\/span><\/h3>\n<p>[\/vc_column_text]<div class=\"clearboth\"><\/div><style>#thegem-divider-69e8faa1b0790 {margin-top: 50px !important;}<\/style><div id=\"thegem-divider-69e8faa1b0790\" class=\"gem-divider  \" style=\"\" ><\/div>[vc_column_text css_animation=&#8221;none&#8221;]<\/p>\n<p style=\"text-align: center;\"><strong><span style=\"color: #99ccff;\">Website legal notice clause\u00a0<\/span><\/strong><\/p>\n<p style=\"text-align: justify;\">This legal information regulates the use of the web service <a href=\"https:\/\/afipe.es\">https:\/\/afipe.es<\/a> that the research group on physical-sports activity in special populations &#8220;AFIPE&#8221; of the Polytechnic University of Madrid (INEF) makes available to Internet users.<\/p>\n<p>[\/vc_column_text][vc_column_text css_animation=&#8221;none&#8221;]<\/p>\n<p style=\"text-align: center;\"><span style=\"color: #99ccff;\"><strong>Terms of use<\/strong><\/span><\/p>\n<p style=\"text-align: justify;\">The content of this website is merely informative and will not give rise to rights or expectations of rights, in accordance with article 14 of Decree 21\/2002 of January 24 (BOCM of February 5, 2002) that regulates citizen service in the Community of Madrid for the exercise of their rights, compliance with their obligations and access to public services.<\/p>\n<p style=\"text-align: justify;\">&#8220;AFIPE&#8221; and &#8220;Pregnancy &amp; Exercise&#8221; decline any responsibility regarding the information that is outside this website and is not managed directly by our webmaster.<\/p>\n<p style=\"text-align: justify;\">Both access to this website and the use that may be made of the information contained therein are the sole responsibility of the person who performs it. &#8220;AFIPE&#8221; and &#8220;Pregnancy &amp; Exercise&#8221; will not be liable for any consequence, damage or harm that may arise from said access or use of information, with the exception of all those actions that result from the application of the legal provisions to which they must submit in the strict exercise of its powers.<\/p>\n<p style=\"text-align: justify;\">&#8220;AFIPE&#8221; and &#8220;Pregnancy &amp; Exercise&#8221; reserve the right to make, at any time and without prior notice, modifications and updates to the information on this website, both in terms of its configuration and its presentation. or its content.<\/p>\n<p>&#8220;AFIPE&#8221; and &#8220;Pregnancy &amp; Exercise&#8221; do not assume any responsibility derived from the connection or content of third party links included in this website.[\/vc_column_text][vc_column_text css_animation=&#8221;none&#8221;]<\/p>\n<h6 style=\"text-align: center;\"><span style=\"color: #99ccff;\"><strong>Privacy<\/strong><\/span><\/h6>\n<p style=\"text-align: center;\"><span style=\"color: #99ccff;\"><strong>Treatment of Personal Data<\/strong><\/span><\/p>\n<p style=\"text-align: justify;\">In compliance with the provisions of the European Regulation 2016\/679 General Data Protection, as well as any national law that may be applicable, the data provided by the User will be incorporated into an automated file, which will be processed exclusively for the purpose described. These will be collected through the corresponding forms, which will only contain the essential fields to be able to provide the service required by the User, as well as to carry out promotional and advertising activities by any means, including the sending of commercial messages through email, postal mail etc., that may be of interest to you.<\/p>\n<p style=\"text-align: justify;\">Personal data will be treated with the appropriate degree of protection, according to Regulation (EU) 2016\/679 of the European Parliament and of the Council, of April 27, 2016, regarding the protection of natural persons with regard to treatment of personal data and the free circulation of these data (RGPD), as well as in compliance with the applicable national regulations on data protection. The necessary security measures will be taken to prevent its alteration, loss, treatment or unauthorized access by third parties who may use it for different purposes for which they have been requested from the User.<\/p>\n<p style=\"text-align: justify;\">Finally, the User may exercise their rights of opposition, access, rectification and cancellation in compliance with the provisions of the LOPD, or simply for any query or personal comment in this regard, by sending an email notification to the address <a href=\"mailto:javier.gil@upm.es\">javier.gil@upm.es<\/a> or communicating it in writing to the research group on physical-sports activity in special populations &#8220;AFIPE&#8221; or to the Network of Research Groups on Physical Activity and Pregnancy &#8220;Pregnancy &amp; Exercise&#8221; (AA Javier Gil Ares, Faculty of Sciences of Physical Activity and Sports-INEF, Polytechnic University of Madrid), C \/ Martin Fierro n\u00ba 7, 28040 Madrid, Spain.<\/p>\n<p>[\/vc_column_text][vc_column_text css_animation=&#8221;none&#8221;]<\/p>\n<p style=\"text-align: center;\"><span style=\"color: #99ccff;\"><strong>Intellectual and Industrial Property Rights<\/strong><\/span><\/p>\n<p style=\"text-align: justify;\">All the contents of the website (including, without limitation: databases, images, drawings, graphics, text files, audio, video, software and any other works it contains) are the property of &#8220;AFIPE&#8221; and &#8220;Pregnancy &amp; Exercise \u201dAnd are protected by national or international standards of intellectual and industrial property.<\/p>\n<p style=\"text-align: justify;\">Access to them does not imply any license for their modification, distribution, public communication, copying, alteration, reproduction, adaptation or translation by the User or third parties, requiring the express consent of &#8220;AFIPE&#8221; or &#8220;Pregnancy &amp; Exercise \u201dor the corresponding owner for the exploitation of these works, unless otherwise indicated.<\/p>\n<p style=\"text-align: justify;\">The brands, labels, distinctive signs or logos of the organizers and collaborators that appear on the web are owned by the same entity they represent and as such, are duly registered.<\/p>\n<p>[\/vc_column_text][vc_column_text css_animation=&#8221;none&#8221;]<\/p>\n<p style=\"text-align: center;\"><span style=\"color: #99ccff;\"><strong>Navigation with COOKIES<\/strong><\/span><\/p>\n<p style=\"text-align: justify;\">\u201cAFIPE\u201d and \u201cPregnancy &amp; Exercise\u201d reserve the right to use COOKIES (small text files created by a web server, delivered through a web browser, and stored on their terminals) in the user&#8217;s navigation through their web page. to facilitate the customization and convenience of navigation, in addition to being able to adapt the advertising to reach the right users.<\/p>\n<p style=\"text-align: justify;\">Following the data protection policy, we inform you that COOKIES are associated with the anonymous user and his computer, and do not store any personal data, or any type of information that can identify him.<\/p>\n<p style=\"text-align: justify;\">The user can reject the processing of data or information by rejecting the use of COOKIES by selecting the appropriate settings on their browser.<\/p>\n<p style=\"text-align: justify;\">By using this website, you consent to the processing of information about you by Google in the manner and for the purposes indicated above.<\/p>\n<p style=\"text-align: justify;\">The unauthorized use of the information contained in this website, as well as the damages caused to the intellectual and industrial property rights of &#8220;AFIPE&#8221; and &#8220;Pregnancy &amp; Exercise&#8221; will give rise to the exercise of the actions that legally correspond to it and, in where appropriate, to the responsibilities derived from said exercise.<\/p>\n<p style=\"text-align: justify;\">Any content error on this website is requested to be reported to the email address: <a href=\"mailto:javier.gil@upm.es\">javier.gil@upm.es<\/a><\/p>\n<p>[\/vc_column_text][\/vc_column][\/vc_row]<\/p>\n<\/div>","protected":false},"excerpt":{"rendered":"<p>[vc_row][vc_column][vc_separator color=&#8221;white&#8221;][vc_separator color=&#8221;white&#8221;][vc_column_text css_animation=&#8221;none&#8221;] privacy policy [\/vc_column_text][vc_column_text css_animation=&#8221;none&#8221;] Website legal notice clause\u00a0 This legal information regulates the use of the&#8230;<\/p>\n","protected":false},"author":1,"featured_media":0,"parent":0,"menu_order":0,"comment_status":"closed","ping_status":"closed","template":"","meta":{"footnotes":""},"class_list":["post-4196","page","type-page","status-publish"],"yoast_head":"<!-- This site is optimized with the Yoast SEO plugin v25.2 - https:\/\/yoast.com\/wordpress\/plugins\/seo\/ -->\n<title>Privacy policy - AFIPE Pregnancy &amp; Exercise<\/title>\n<meta name=\"description\" content=\"Revisa la pol\u00edtica de privacidad perteneciente al Grupo de Investigaci\u00f3n &quot;AFIPE&quot; y a la Red de Investigaci\u00f3n &quot;Pregnancy &amp; Exercise&quot;.\" \/>\n<meta name=\"robots\" content=\"index, follow, max-snippet:-1, max-image-preview:large, max-video-preview:-1\" \/>\n<link rel=\"canonical\" href=\"https:\/\/afipe.es\/politica-privacidad\/\" \/>\n<meta property=\"og:locale\" content=\"en_US\" \/>\n<meta property=\"og:type\" content=\"article\" \/>\n<meta property=\"og:title\" content=\"[:es]Privacy policy - AFIPE y Pregnancy &amp; Exercise[:en]Privacy policy - AFIPE Pregnancy &amp; Exercise[:]\" \/>\n<meta property=\"og:description\" content=\"Revisa la pol\u00edtica de privacidad perteneciente al Grupo de Investigaci\u00f3n &quot;AFIPE&quot; y a la Red de Investigaci\u00f3n &quot;Pregnancy &amp; Exercise&quot;.\" \/>\n<meta property=\"og:url\" content=\"https:\/\/afipe.es\/politica-privacidad\/\" \/>\n<meta property=\"og:site_name\" content=\"Actividad f\u00edsico-deportiva en poblaciones espec\u00edficas\" \/>\n<meta property=\"article:modified_time\" content=\"2021-05-28T20:50:32+00:00\" \/>\n<meta name=\"twitter:card\" content=\"summary_large_image\" \/>\n<meta name=\"twitter:label1\" content=\"Est. reading time\" \/>\n\t<meta name=\"twitter:data1\" content=\"5 minutes\" \/>\n<script type=\"application\/ld+json\" class=\"yoast-schema-graph\">{\"@context\":\"https:\/\/schema.org\",\"@graph\":[{\"@type\":\"WebPage\",\"@id\":\"https:\/\/afipe.es\/politica-privacidad\/\",\"url\":\"https:\/\/afipe.es\/politica-privacidad\/\",\"name\":\"[:es]Privacy policy - AFIPE y Pregnancy & Exercise[:en]Privacy policy - AFIPE Pregnancy & Exercise[:]\",\"isPartOf\":{\"@id\":\"https:\/\/afipe.es\/#website\"},\"datePublished\":\"2021-05-14T09:21:37+00:00\",\"dateModified\":\"2021-05-28T20:50:32+00:00\",\"description\":\"Revisa la pol\u00edtica de privacidad perteneciente al Grupo de Investigaci\u00f3n \\\"AFIPE\\\" y a la Red de Investigaci\u00f3n \\\"Pregnancy & Exercise\\\".\",\"breadcrumb\":{\"@id\":\"https:\/\/afipe.es\/politica-privacidad\/#breadcrumb\"},\"inLanguage\":\"en-US\",\"potentialAction\":[{\"@type\":\"ReadAction\",\"target\":[\"https:\/\/afipe.es\/politica-privacidad\/\"]}]},{\"@type\":\"BreadcrumbList\",\"@id\":\"https:\/\/afipe.es\/politica-privacidad\/#breadcrumb\",\"itemListElement\":[{\"@type\":\"ListItem\",\"position\":1,\"name\":\"Portada\",\"item\":\"https:\/\/afipe.es\/\"},{\"@type\":\"ListItem\",\"position\":2,\"name\":\"Pol\u00edtica de Privacidad\"}]},{\"@type\":\"WebSite\",\"@id\":\"https:\/\/afipe.es\/#website\",\"url\":\"https:\/\/afipe.es\/\",\"name\":\"Actividad f\u00edsico-deportiva en poblaciones espec\u00edficas\",\"description\":\"AFIPE\",\"potentialAction\":[{\"@type\":\"SearchAction\",\"target\":{\"@type\":\"EntryPoint\",\"urlTemplate\":\"https:\/\/afipe.es\/?s={search_term_string}\"},\"query-input\":{\"@type\":\"PropertyValueSpecification\",\"valueRequired\":true,\"valueName\":\"search_term_string\"}}],\"inLanguage\":\"en-US\"}]}<\/script>\n<!-- \/ Yoast SEO plugin. -->","yoast_head_json":{"title":"Privacy policy - AFIPE Pregnancy & Exercise","description":"Revisa la pol\u00edtica de privacidad perteneciente al Grupo de Investigaci\u00f3n \"AFIPE\" y a la Red de Investigaci\u00f3n \"Pregnancy & Exercise\".","robots":{"index":"index","follow":"follow","max-snippet":"max-snippet:-1","max-image-preview":"max-image-preview:large","max-video-preview":"max-video-preview:-1"},"canonical":"https:\/\/afipe.es\/politica-privacidad\/","og_locale":"en_US","og_type":"article","og_title":"[:es]Privacy policy - AFIPE y Pregnancy & Exercise[:en]Privacy policy - AFIPE Pregnancy & Exercise[:]","og_description":"Revisa la pol\u00edtica de privacidad perteneciente al Grupo de Investigaci\u00f3n \"AFIPE\" y a la Red de Investigaci\u00f3n \"Pregnancy & Exercise\".","og_url":"https:\/\/afipe.es\/politica-privacidad\/","og_site_name":"Actividad f\u00edsico-deportiva en poblaciones espec\u00edficas","article_modified_time":"2021-05-28T20:50:32+00:00","twitter_card":"summary_large_image","twitter_misc":{"Est. reading time":"5 minutes"},"schema":{"@context":"https:\/\/schema.org","@graph":[{"@type":"WebPage","@id":"https:\/\/afipe.es\/politica-privacidad\/","url":"https:\/\/afipe.es\/politica-privacidad\/","name":"[:es]Privacy policy - AFIPE y Pregnancy & Exercise[:en]Privacy policy - AFIPE Pregnancy & Exercise[:]","isPartOf":{"@id":"https:\/\/afipe.es\/#website"},"datePublished":"2021-05-14T09:21:37+00:00","dateModified":"2021-05-28T20:50:32+00:00","description":"Revisa la pol\u00edtica de privacidad perteneciente al Grupo de Investigaci\u00f3n \"AFIPE\" y a la Red de Investigaci\u00f3n \"Pregnancy & Exercise\".","breadcrumb":{"@id":"https:\/\/afipe.es\/politica-privacidad\/#breadcrumb"},"inLanguage":"en-US","potentialAction":[{"@type":"ReadAction","target":["https:\/\/afipe.es\/politica-privacidad\/"]}]},{"@type":"BreadcrumbList","@id":"https:\/\/afipe.es\/politica-privacidad\/#breadcrumb","itemListElement":[{"@type":"ListItem","position":1,"name":"Portada","item":"https:\/\/afipe.es\/"},{"@type":"ListItem","position":2,"name":"Pol\u00edtica de Privacidad"}]},{"@type":"WebSite","@id":"https:\/\/afipe.es\/#website","url":"https:\/\/afipe.es\/","name":"Actividad f\u00edsico-deportiva en poblaciones espec\u00edficas","description":"AFIPE","potentialAction":[{"@type":"SearchAction","target":{"@type":"EntryPoint","urlTemplate":"https:\/\/afipe.es\/?s={search_term_string}"},"query-input":{"@type":"PropertyValueSpecification","valueRequired":true,"valueName":"search_term_string"}}],"inLanguage":"en-US"}]}},"_links":{"self":[{"href":"https:\/\/afipe.es\/en\/wp-json\/wp\/v2\/pages\/4196","targetHints":{"allow":["GET"]}}],"collection":[{"href":"https:\/\/afipe.es\/en\/wp-json\/wp\/v2\/pages"}],"about":[{"href":"https:\/\/afipe.es\/en\/wp-json\/wp\/v2\/types\/page"}],"author":[{"embeddable":true,"href":"https:\/\/afipe.es\/en\/wp-json\/wp\/v2\/users\/1"}],"replies":[{"embeddable":true,"href":"https:\/\/afipe.es\/en\/wp-json\/wp\/v2\/comments?post=4196"}],"version-history":[{"count":9,"href":"https:\/\/afipe.es\/en\/wp-json\/wp\/v2\/pages\/4196\/revisions"}],"predecessor-version":[{"id":4514,"href":"https:\/\/afipe.es\/en\/wp-json\/wp\/v2\/pages\/4196\/revisions\/4514"}],"wp:attachment":[{"href":"https:\/\/afipe.es\/en\/wp-json\/wp\/v2\/media?parent=4196"}],"curies":[{"name":"wp","href":"https:\/\/api.w.org\/{rel}","templated":true}]}}