{"id":4237,"date":"2021-05-14T18:39:03","date_gmt":"2021-05-14T18:39:03","guid":{"rendered":"https:\/\/afipe.es\/?page_id=4237"},"modified":"2025-06-19T10:42:43","modified_gmt":"2025-06-19T10:42:43","slug":"pregnancyexercise-investigacion","status":"publish","type":"page","link":"https:\/\/afipe.es\/en\/pregnancyexercise-investigacion\/","title":{"rendered":"Research and publications"},"content":{"rendered":"<div class=\"wpb-content-wrapper\"><p>[vc_row full_width=&#8221;stretch_row_content&#8221; full_height=&#8221;yes&#8221; equal_height=&#8221;yes&#8221; custom_css_code=&#8221;LmN1c3RvbS10aXRsZS10aXRsZSUyMCUyMGgxJTdCJTBBJTIwJTIwJTIwJTIwbWFyZ2luLXRvcCUzQTAlM0IlMEElMjAlMjAlMjAlMjBtYXJnaW4tYm90dG9tJTNBMCUzQiUwQSU3RCUwQSU0MG1lZGlhJTIwJTI4bWF4LXdpZHRoJTNBJTIwMTE5OXB4JTI5JTdCJTBBJTIwJTIwJTIwJTIwJTQwaWQud3BiX3JvdyUzRSUyQSUyMCU3QiUwQSUyMCUyMCUyMCUyMCUyMCUyMCUyMCUyMG1hcmdpbi10b3AlM0ElMjAwJTNCJTBBJTIwJTIwJTIwJTIwJTdEJTBBJTdE&#8221;][vc_column interactions_enabled=&#8221;1&#8243; vertical_scroll=&#8221;1&#8243; vertical_scroll_direction=&#8221;vertical_scroll_direction_down&#8221; vertical_scroll_speed=&#8221;10&#8243;]<div id=\"fullwidth-block-69e6e7ee8e32f\" class=\"fullwidth-block clearfix\"  style=\"padding-top: 240px;padding-bottom: 230px;\"><script type=\"text\/javascript\">if (typeof(gem_fix_fullwidth_position) == \"function\") { gem_fix_fullwidth_position(document.getElementById(\"fullwidth-block-69e6e7ee8e32f\")); }<\/script><div class=\"fullwidth-block-background\" style=\"background-image: url(https:\/\/afipe.es\/wp-content\/uploads\/2021\/05\/portada-libros.jpg);background-repeat: no-repeat; background-size: cover;background-position: center center;\"><\/div><div class=\"fullwidth-block-inner\"><div class=\"container\"><\/div><\/div><\/div>[\/vc_column][\/vc_row][vc_row][vc_column][vc_separator color=&#8221;white&#8221;][vc_column_text css=&#8221;&#8221;]<\/p>\n<h2 style=\"text-align: center;\"><span style=\"text-decoration: underline;\"><span style=\"color: #99ccff; text-decoration: underline;\">research<\/span><\/span><\/h2>\n<p>[\/vc_column_text][\/vc_column][\/vc_row][vc_row][vc_column][vc_column_text css=&#8221;&#8221;]<\/p>\n<p class=\"p1\" style=\"text-align: justify;\"><span class=\"s1\">In terms of Scientific Research, the methodology provided by the pregnancy &amp; exercise research line includes solid and reliable studies in all regions of the planet, surely the best example is the use, among other studies, of <strong><span style=\"color: #99ccff;\">Randomized Clinical Trials<\/span><\/strong> to obtain clinical data.\u00a0<\/span><\/p>\n<p class=\"p1\" style=\"text-align: justify;\"><span class=\"s1\">Together with this, it is intended to implement extensive <strong><span style=\"color: #99ccff;\">Observational Studies<\/span><\/strong> related to the prevalence and incidence of a large number of parameters corresponding to maternal, fetal and newborn well-being.\u00a0<\/span><\/p>\n<p style=\"text-align: left;\">This research team, has a large scientific trajectory in physical activity during gestation, highlighting the performance over the last 20 years of several randomized clinical trials with Spanish and foreign entities of recognized prestige. As a result, the numerous publications achieved are noteworthy.<\/p>\n<p>[\/vc_column_text]<div data-number-format=\"(ddd).ddd\" class=\"gem-counter-box row inline-row inline-row-center gem-counter-style-2 lazy-loading lazy-loading-not-hide\" data-ll-item-delay=\"200\"><div class=\"gem-counter col-md-3 col-sm-4 col-xs-6 inline-column gem-counter-effect-simple\" ><div class=\"gem-counter-inner\"><div class=\"gem-counter-icon\"><div class=\"gem-counter-icon-circle-1\" style=\"border-color: #ffffff;\"><div class=\"gem-counter-icon-circle-2\" style=\"border-color: #ffffff;\"><div class=\"gem-icon gem-icon-pack-elegant gem-icon-size-xlarge angle-90deg gem-icon-shape-square gem-simple-icon\"  style=\"opacity: 1;\"><div class=\"gem-icon-inner\" style=\"\"><span class=\"gem-icon-half-1\" style=\"color: #888686;\"><span class=\"back-angle\">&#x6c;<\/span><\/span><span class=\"gem-icon-half-2\" style=\"color: #1E6DBE;\"><span class=\"back-angle\">&#x6c;<\/span><\/span><\/div><\/div><\/div><\/div><\/div><div class=\"gem-counter-number\" style=\"color: #1EA0BE\"><div class=\"gem-counter-odometer\" data-to=\"100\">0<\/div><span class=\"gem-counter-suffix\">+<\/span><\/div><div class=\"gem-counter-text styled-subtitle\" style=\"color: #919090\">Articles<\/div><\/div><\/div><div class=\"gem-counter col-md-3 col-sm-4 col-xs-6 inline-column gem-counter-effect-simple\" ><div class=\"gem-counter-inner\"><div class=\"gem-counter-icon\"><div class=\"gem-counter-icon-circle-1\" style=\"border-color: #ffffff;\"><div class=\"gem-counter-icon-circle-2\" style=\"border-color: #ffffff;\"><div class=\"gem-icon gem-icon-pack-fontawesome gem-icon-size-xlarge angle-90deg gem-icon-shape-square gem-simple-icon\"  style=\"opacity: 1;\"><div class=\"gem-icon-inner\" style=\"\"><span class=\"gem-icon-half-1\" style=\"color: #888686;\"><span class=\"back-angle\">&#xf02d;<\/span><\/span><span class=\"gem-icon-half-2\" style=\"color: #1E6DBE;\"><span class=\"back-angle\">&#xf02d;<\/span><\/span><\/div><\/div><\/div><\/div><\/div><div class=\"gem-counter-number\" style=\"color: #1EA0BE\"><div class=\"gem-counter-odometer\" data-to=\"7\">0<\/div><\/div><div class=\"gem-counter-text styled-subtitle\" style=\"color: #919090\">Books<\/div><\/div><\/div><div class=\"gem-counter col-md-3 col-sm-4 col-xs-6 inline-column gem-counter-effect-simple\" ><div class=\"gem-counter-inner\"><div class=\"gem-counter-icon\"><div class=\"gem-counter-icon-circle-1\" style=\"border-color: #ffffff;\"><div class=\"gem-counter-icon-circle-2\" style=\"border-color: #ffffff;\"><div class=\"gem-icon gem-icon-pack-material gem-icon-size-xlarge angle-90deg gem-icon-shape-square gem-simple-icon\"  style=\"opacity: 1;\"><div class=\"gem-icon-inner\" style=\"\"><span class=\"gem-icon-half-1\" style=\"color: #888686;\"><span class=\"back-angle\">&#xf2d9;<\/span><\/span><span class=\"gem-icon-half-2\" style=\"color: #1E6DBE;\"><span class=\"back-angle\">&#xf2d9;<\/span><\/span><\/div><\/div><\/div><\/div><\/div><div class=\"gem-counter-number\" style=\"color: #1EA0BE\"><div class=\"gem-counter-odometer\" data-to=\"10\">0<\/div><span class=\"gem-counter-suffix\">+<\/span><\/div><div class=\"gem-counter-text styled-subtitle\" style=\"color: #919090\">Supervised theses<\/div><\/div><\/div><div class=\"gem-counter col-md-3 col-sm-4 col-xs-6 inline-column gem-counter-effect-simple\" ><div class=\"gem-counter-inner\"><div class=\"gem-counter-icon\"><div class=\"gem-counter-icon-circle-1\" style=\"border-color: #ffffff;\"><div class=\"gem-counter-icon-circle-2\" style=\"border-color: #ffffff;\"><div class=\"gem-icon gem-icon-pack-thegem-header gem-icon-size-xlarge angle-90deg gem-icon-shape-square gem-simple-icon\"  style=\"opacity: 1;\"><div class=\"gem-icon-inner\" style=\"\"><span class=\"gem-icon-half-1\" style=\"color: #888686;\"><span class=\"back-angle\">&#xe926;<\/span><\/span><span class=\"gem-icon-half-2\" style=\"color: #1E6DBE;\"><span class=\"back-angle\">&#xe926;<\/span><\/span><\/div><\/div><\/div><\/div><\/div><div class=\"gem-counter-number\" style=\"color: #1EA0BE\"><div class=\"gem-counter-odometer\" data-to=\"10\">0<\/div><span class=\"gem-counter-suffix\">+<\/span><\/div><div class=\"gem-counter-text styled-subtitle\" style=\"color: #919090\">Funded research projects<\/div><\/div><\/div><\/div>[\/vc_column][\/vc_row][vc_row custom_css_code=&#8221;LmdlbS1nYWxsZXJ5JTIwJTdCJTBBJTIwJTIwJTIwJTIwJTIwbWFyZ2luLWJvdHRvbSUzQSUyMDEwcHglM0IlMEElN0Q=&#8221;][vc_column]<div class=\"clearboth\"><\/div><style>#thegem-divider-69e6e7ee8e5a0 {margin-top: 25px !important;}<\/style><div id=\"thegem-divider-69e6e7ee8e5a0\" class=\"gem-divider  \" style=\"\" ><\/div>[vc_tta_tour shape=&#8221;round&#8221; color=&#8221;peacoc&#8221; spacing=&#8221;15&#8243; gap=&#8221;5&#8243; alignment=&#8221;center&#8221; active_section=&#8221;1&#8243;][vc_tta_section title=&#8221;Publications&#8221; tab_id=&#8221;1621061732640-d55bbba0-fd87&#8243;][vc_column_text css=&#8221;&#8221;]<\/p>\n<h4 style=\"text-align: center;\"><strong><span style=\"color: #00ccff;\">PUBLICATIONS<\/span><\/strong><\/h4>\n<ol>\n<li>Brik, M., S\u00e1nchez-Pol\u00e1n, M., Farr\u00e0s, A., Hern\u00e1ndez-Fleury, A., Temprado, J., Calero, I., Higueras, T., Silva, C., Zhang, D., Carreras, E., &amp; Barakat, R. (2025). Maternal and cardiovascular factors related to carotid intima-media thickness during pregnancy: A prospective cohort study. <em>European journal of obstetrics, gynecology, and reproductive biology, 310<\/em>, 113943. <a href=\"https:\/\/doi.org\/10.1016\/j.ejogrb.2025.113943\">https:\/\/doi.org\/10.1016\/j.ejogrb.2025.113943<\/a><\/li>\n<li>Zhang, D., S\u00e1nchez-Pol\u00e1n, M., Silva-Jose, C., D\u00edaz-Blanco, \u00c1., Brik, M., Arias, A. M., Hernando, P., &amp; Barakat, R. (2025). Prenatal Exercise Decreases Urinary Incontinence in Late Pregnancy and 3 Months Postpartum: A Randomized Controlled Trial. <em>Medicine and science in sports and exercise, 57<\/em>(3), 555\u2013562. <a href=\"https:\/\/doi.org\/10.1249\/MSS.0000000000003597\">https:\/\/doi.org\/10.1249\/MSS.0000000000003597<\/a><\/li>\n<li>Barakat, R., Silva-Jos\u00e9, C., S\u00e1nchez-Pol\u00e1n, M., Zhang, D., Lobo, P., De Roia, G., &amp; Montejo, R. (2024). Physical Activity during Pregnancy and Childhood Obesity: Systematic Review and Meta-Analysis.\u00a0<em>Journal of clinical medicine<\/em>,\u00a0<em>13<\/em>(13), 3726. <a href=\"https:\/\/doi.org\/10.3390\/jcm13133726\">https:\/\/doi.org\/10.3390\/jcm13133726<\/a><\/li>\n<li>Silva-Jose, C., Mottola, M. F., Palacio, M., S\u00e1nchez-Pol\u00e1n, M., Zhang, D., Refoyo, I., &amp; Barakat, R. (2023). Impact of Physical Activity Interventions on High-Risk Pregnancies: A Systematic Review and Meta-Analysis.\u00a0<em>Journal of personalized medicine<\/em>,\u00a0<em>14<\/em>(1), 14. <a href=\"https:\/\/doi.org\/10.3390\/jpm14010014\">https:\/\/doi.org\/10.3390\/jpm14010014<\/a><\/li>\n<li>Barakat, R., Silva-Jose, C., Zhang, D., S\u00e1nchez-Pol\u00e1n, M., Refoyo, I., &amp; Montejo, R. (2023). Influence of Physical Activity during Pregnancy on Maternal Hypertensive Disorders: A Systematic Review and Meta-Analysis of Randomized Controlled Trials.\u00a0<em>Journal of personalized medicine<\/em>,\u00a0<em>14<\/em>(1), 10. <a href=\"https:\/\/doi.org\/10.3390\/jpm14010010\">https:\/\/doi.org\/10.3390\/jpm14010010<\/a><\/li>\n<li>Silva-Jose, C., May, L., S\u00e1nchez-Pol\u00e1n, M., Zhang, D., Barrera-Garcimart\u00edn, A., Refoyo, I., &amp; Barakat, R. (2023). Influence of Physical Activity during Pregnancy on Neonatal Complications: Systematic Review and Meta-Analysis.\u00a0<em>Journal of personalized medicine<\/em>,\u00a0<em>14<\/em>(1), 6. <a href=\"https:\/\/doi.org\/10.3390\/jpm14010006\">https:\/\/doi.org\/10.3390\/jpm14010006<\/a><\/li>\n<li>Zhang, D., Bo, K., Montejo, R., S\u00e1nchez-Pol\u00e1n, M., Silva-Jos\u00e9, C., Palacio, M., &amp; Barakat, R. (2024). Influence of pelvic floor muscle training alone or as part of a general physical activity program during pregnancy on urinary incontinence, episiotomy and third- or fourth-degree perineal tear: Systematic review and meta-analysis of randomized clinical trials.\u00a0<em>Acta obstetricia et gynecologica Scandinavica<\/em>,\u00a0<em>103<\/em>(6), 1015\u20131027. <a href=\"https:\/\/doi.org\/10.1111\/aogs.14744\">https:\/\/doi.org\/10.1111\/aogs.14744<\/a><\/li>\n<li>S\u00e1nchez-Pol\u00e1n, M., Adamo, K., Silva-Jose, C., Zhang, D., Refoyo, I., &amp; Barakat, R. (2023). Physical Activity and Self-Perception of Mental and Physical Quality of Life during Pregnancy: A Systematic Review and Meta-Analysis.\u00a0<em>Journal of clinical medicine<\/em>,\u00a0<em>12<\/em>(17), 5549. <a href=\"https:\/\/doi.org\/10.3390\/jcm12175549\">https:\/\/doi.org\/10.3390\/jcm12175549<\/a><\/li>\n<li>Zhang, D., Nagpal, T. S., Silva-Jos\u00e9, C., S\u00e1nchez-Pol\u00e1n, M., Gil-Ares, J., &amp; Barakat, R. (2023). Influence of Physical Activity during Pregnancy on Birth Weight: Systematic Review and Meta-Analysis of Randomized Controlled Trials.\u00a0<em>Journal of clinical medicine<\/em>,\u00a0<em>12<\/em>(16), 5421. <a href=\"https:\/\/doi.org\/10.3390\/jcm12165421\">https:\/\/doi.org\/10.3390\/jcm12165421<\/a><\/li>\n<li>S\u00e1nchez-Pol\u00e1n, M., Nagpal, T. S., Zhang, D., Silva-Jose, C., Montejo, R., &amp; Barakat, R. (2023). The Influence of Physical Activity during Pregnancy on Maternal Pain and Discomfort: A Meta-Analysis.\u00a0<em>Journal of personalized medicine<\/em>,\u00a0<em>14<\/em>(1), 44. <a href=\"https:\/\/doi.org\/10.3390\/jpm14010044\">https:\/\/doi.org\/10.3390\/jpm14010044<\/a><\/li>\n<\/ol>\n<p>[\/vc_column_text][\/vc_tta_section][\/vc_tta_tour][\/vc_column][\/vc_row]<\/p>\n<\/div>","protected":false},"excerpt":{"rendered":"<p>[vc_row full_width=&#8221;stretch_row_content&#8221; full_height=&#8221;yes&#8221; equal_height=&#8221;yes&#8221; custom_css_code=&#8221;LmN1c3RvbS10aXRsZS10aXRsZSUyMCUyMGgxJTdCJTBBJTIwJTIwJTIwJTIwbWFyZ2luLXRvcCUzQTAlM0IlMEElMjAlMjAlMjAlMjBtYXJnaW4tYm90dG9tJTNBMCUzQiUwQSU3RCUwQSU0MG1lZGlhJTIwJTI4bWF4LXdpZHRoJTNBJTIwMTE5OXB4JTI5JTdCJTBBJTIwJTIwJTIwJTIwJTQwaWQud3BiX3JvdyUzRSUyQSUyMCU3QiUwQSUyMCUyMCUyMCUyMCUyMCUyMCUyMCUyMG1hcmdpbi10b3AlM0ElMjAwJTNCJTBBJTIwJTIwJTIwJTIwJTdEJTBBJTdE&#8221;][vc_column interactions_enabled=&#8221;1&#8243; vertical_scroll=&#8221;1&#8243; vertical_scroll_direction=&#8221;vertical_scroll_direction_down&#8221; vertical_scroll_speed=&#8221;10&#8243;][\/vc_column][\/vc_row][vc_row][vc_column][vc_separator color=&#8221;white&#8221;][vc_column_text css=&#8221;&#8221;] research [\/vc_column_text][\/vc_column][\/vc_row][vc_row][vc_column][vc_column_text css=&#8221;&#8221;] In terms of Scientific Research, the&#8230;<\/p>\n","protected":false},"author":1,"featured_media":4244,"parent":0,"menu_order":0,"comment_status":"closed","ping_status":"closed","template":"","meta":{"footnotes":""},"class_list":["post-4237","page","type-page","status-publish","has-post-thumbnail"],"yoast_head":"<!-- This site is optimized with the Yoast SEO plugin v25.2 - https:\/\/yoast.com\/wordpress\/plugins\/seo\/ -->\n<title>Research and publications - (AFIPE) UPM-INEF<\/title>\n<meta name=\"description\" content=\"Descubre las publicaciones referidas a la l\u00ednea de investigaci\u00f3n de ejercicio y embarazo de la Universidad Polit\u00e9cnica de Madrid (INEF)\" \/>\n<meta name=\"robots\" content=\"index, follow, max-snippet:-1, max-image-preview:large, max-video-preview:-1\" \/>\n<link rel=\"canonical\" href=\"https:\/\/afipe.es\/pregnancyexercise-investigacion\/\" \/>\n<meta property=\"og:locale\" content=\"en_US\" \/>\n<meta property=\"og:type\" content=\"article\" \/>\n<meta property=\"og:title\" content=\"[:es]Research and publications - Pregnancy &amp; Exercise (AFIPE) UPM-INEF[:en]Research and publications - (AFIPE) UPM-INEF[:]\" \/>\n<meta property=\"og:description\" content=\"{:es}Descubre las publicaciones referidas a la Red Internacional &quot;Pregnancy &amp; Exercise&quot; de la Universidad Polit\u00e9cnica de Madrid (INEF){:en}Descubre las publicaciones referidas a la l\u00ednea de investigaci\u00f3n de ejercicio y embarazo de la Universidad Polit\u00e9cnica de Madrid (INEF){:}\" \/>\n<meta property=\"og:url\" content=\"https:\/\/afipe.es\/pregnancyexercise-investigacion\/\" \/>\n<meta property=\"og:site_name\" content=\"Actividad f\u00edsico-deportiva en poblaciones espec\u00edficas\" \/>\n<meta property=\"article:modified_time\" content=\"2025-06-19T10:42:43+00:00\" \/>\n<meta property=\"og:image\" content=\"https:\/\/afipe.es\/wp-content\/uploads\/2021\/05\/portada-libros.jpg\" \/>\n\t<meta property=\"og:image:width\" content=\"2400\" \/>\n\t<meta property=\"og:image:height\" content=\"1600\" \/>\n\t<meta property=\"og:image:type\" content=\"image\/jpeg\" \/>\n<meta name=\"twitter:card\" content=\"summary_large_image\" \/>\n<meta name=\"twitter:label1\" content=\"Est. reading time\" \/>\n\t<meta name=\"twitter:data1\" content=\"5 minutes\" \/>\n<script type=\"application\/ld+json\" class=\"yoast-schema-graph\">{\"@context\":\"https:\/\/schema.org\",\"@graph\":[{\"@type\":\"WebPage\",\"@id\":\"https:\/\/afipe.es\/pregnancyexercise-investigacion\/\",\"url\":\"https:\/\/afipe.es\/pregnancyexercise-investigacion\/\",\"name\":\"[:es]Research and publications - Pregnancy & Exercise (AFIPE) UPM-INEF[:en]Research and publications - (AFIPE) UPM-INEF[:]\",\"isPartOf\":{\"@id\":\"https:\/\/afipe.es\/#website\"},\"primaryImageOfPage\":{\"@id\":\"https:\/\/afipe.es\/pregnancyexercise-investigacion\/#primaryimage\"},\"image\":{\"@id\":\"https:\/\/afipe.es\/pregnancyexercise-investigacion\/#primaryimage\"},\"thumbnailUrl\":\"https:\/\/afipe.es\/wp-content\/uploads\/2021\/05\/portada-libros.jpg\",\"datePublished\":\"2021-05-14T18:39:03+00:00\",\"dateModified\":\"2025-06-19T10:42:43+00:00\",\"description\":\"{:es}Descubre las publicaciones referidas a la Red Internacional \\\"Pregnancy & Exercise\\\" de la Universidad Polit\u00e9cnica de Madrid (INEF){:en}Descubre las publicaciones referidas a la l\u00ednea de investigaci\u00f3n de ejercicio y embarazo de la Universidad Polit\u00e9cnica de Madrid (INEF){:}\",\"breadcrumb\":{\"@id\":\"https:\/\/afipe.es\/pregnancyexercise-investigacion\/#breadcrumb\"},\"inLanguage\":\"en-US\",\"potentialAction\":[{\"@type\":\"ReadAction\",\"target\":[\"https:\/\/afipe.es\/pregnancyexercise-investigacion\/\"]}]},{\"@type\":\"ImageObject\",\"inLanguage\":\"en-US\",\"@id\":\"https:\/\/afipe.es\/pregnancyexercise-investigacion\/#primaryimage\",\"url\":\"https:\/\/afipe.es\/wp-content\/uploads\/2021\/05\/portada-libros.jpg\",\"contentUrl\":\"https:\/\/afipe.es\/wp-content\/uploads\/2021\/05\/portada-libros.jpg\",\"width\":2400,\"height\":1600},{\"@type\":\"BreadcrumbList\",\"@id\":\"https:\/\/afipe.es\/pregnancyexercise-investigacion\/#breadcrumb\",\"itemListElement\":[{\"@type\":\"ListItem\",\"position\":1,\"name\":\"Portada\",\"item\":\"https:\/\/afipe.es\/\"},{\"@type\":\"ListItem\",\"position\":2,\"name\":\"Investigaci\u00f3n y publicaciones\"}]},{\"@type\":\"WebSite\",\"@id\":\"https:\/\/afipe.es\/#website\",\"url\":\"https:\/\/afipe.es\/\",\"name\":\"Actividad f\u00edsico-deportiva en poblaciones espec\u00edficas\",\"description\":\"AFIPE\",\"potentialAction\":[{\"@type\":\"SearchAction\",\"target\":{\"@type\":\"EntryPoint\",\"urlTemplate\":\"https:\/\/afipe.es\/?s={search_term_string}\"},\"query-input\":{\"@type\":\"PropertyValueSpecification\",\"valueRequired\":true,\"valueName\":\"search_term_string\"}}],\"inLanguage\":\"en-US\"}]}<\/script>\n<!-- \/ Yoast SEO plugin. -->","yoast_head_json":{"title":"Research and publications - (AFIPE) UPM-INEF","description":"Descubre las publicaciones referidas a la l\u00ednea de investigaci\u00f3n de ejercicio y embarazo de la Universidad Polit\u00e9cnica de Madrid (INEF)","robots":{"index":"index","follow":"follow","max-snippet":"max-snippet:-1","max-image-preview":"max-image-preview:large","max-video-preview":"max-video-preview:-1"},"canonical":"https:\/\/afipe.es\/pregnancyexercise-investigacion\/","og_locale":"en_US","og_type":"article","og_title":"[:es]Research and publications - Pregnancy & Exercise (AFIPE) UPM-INEF[:en]Research and publications - (AFIPE) UPM-INEF[:]","og_description":"{:es}Descubre las publicaciones referidas a la Red Internacional \"Pregnancy & Exercise\" de la Universidad Polit\u00e9cnica de Madrid (INEF){:en}Descubre las publicaciones referidas a la l\u00ednea de investigaci\u00f3n de ejercicio y embarazo de la Universidad Polit\u00e9cnica de Madrid (INEF){:}","og_url":"https:\/\/afipe.es\/pregnancyexercise-investigacion\/","og_site_name":"Actividad f\u00edsico-deportiva en poblaciones espec\u00edficas","article_modified_time":"2025-06-19T10:42:43+00:00","og_image":[{"width":2400,"height":1600,"url":"https:\/\/afipe.es\/wp-content\/uploads\/2021\/05\/portada-libros.jpg","type":"image\/jpeg"}],"twitter_card":"summary_large_image","twitter_misc":{"Est. reading time":"5 minutes"},"schema":{"@context":"https:\/\/schema.org","@graph":[{"@type":"WebPage","@id":"https:\/\/afipe.es\/pregnancyexercise-investigacion\/","url":"https:\/\/afipe.es\/pregnancyexercise-investigacion\/","name":"[:es]Research and publications - Pregnancy & Exercise (AFIPE) UPM-INEF[:en]Research and publications - (AFIPE) UPM-INEF[:]","isPartOf":{"@id":"https:\/\/afipe.es\/#website"},"primaryImageOfPage":{"@id":"https:\/\/afipe.es\/pregnancyexercise-investigacion\/#primaryimage"},"image":{"@id":"https:\/\/afipe.es\/pregnancyexercise-investigacion\/#primaryimage"},"thumbnailUrl":"https:\/\/afipe.es\/wp-content\/uploads\/2021\/05\/portada-libros.jpg","datePublished":"2021-05-14T18:39:03+00:00","dateModified":"2025-06-19T10:42:43+00:00","description":"{:es}Descubre las publicaciones referidas a la Red Internacional \"Pregnancy & Exercise\" de la Universidad Polit\u00e9cnica de Madrid (INEF){:en}Descubre las publicaciones referidas a la l\u00ednea de investigaci\u00f3n de ejercicio y embarazo de la Universidad Polit\u00e9cnica de Madrid (INEF){:}","breadcrumb":{"@id":"https:\/\/afipe.es\/pregnancyexercise-investigacion\/#breadcrumb"},"inLanguage":"en-US","potentialAction":[{"@type":"ReadAction","target":["https:\/\/afipe.es\/pregnancyexercise-investigacion\/"]}]},{"@type":"ImageObject","inLanguage":"en-US","@id":"https:\/\/afipe.es\/pregnancyexercise-investigacion\/#primaryimage","url":"https:\/\/afipe.es\/wp-content\/uploads\/2021\/05\/portada-libros.jpg","contentUrl":"https:\/\/afipe.es\/wp-content\/uploads\/2021\/05\/portada-libros.jpg","width":2400,"height":1600},{"@type":"BreadcrumbList","@id":"https:\/\/afipe.es\/pregnancyexercise-investigacion\/#breadcrumb","itemListElement":[{"@type":"ListItem","position":1,"name":"Portada","item":"https:\/\/afipe.es\/"},{"@type":"ListItem","position":2,"name":"Investigaci\u00f3n y publicaciones"}]},{"@type":"WebSite","@id":"https:\/\/afipe.es\/#website","url":"https:\/\/afipe.es\/","name":"Actividad f\u00edsico-deportiva en poblaciones espec\u00edficas","description":"AFIPE","potentialAction":[{"@type":"SearchAction","target":{"@type":"EntryPoint","urlTemplate":"https:\/\/afipe.es\/?s={search_term_string}"},"query-input":{"@type":"PropertyValueSpecification","valueRequired":true,"valueName":"search_term_string"}}],"inLanguage":"en-US"}]}},"_links":{"self":[{"href":"https:\/\/afipe.es\/en\/wp-json\/wp\/v2\/pages\/4237","targetHints":{"allow":["GET"]}}],"collection":[{"href":"https:\/\/afipe.es\/en\/wp-json\/wp\/v2\/pages"}],"about":[{"href":"https:\/\/afipe.es\/en\/wp-json\/wp\/v2\/types\/page"}],"author":[{"embeddable":true,"href":"https:\/\/afipe.es\/en\/wp-json\/wp\/v2\/users\/1"}],"replies":[{"embeddable":true,"href":"https:\/\/afipe.es\/en\/wp-json\/wp\/v2\/comments?post=4237"}],"version-history":[{"count":19,"href":"https:\/\/afipe.es\/en\/wp-json\/wp\/v2\/pages\/4237\/revisions"}],"predecessor-version":[{"id":5232,"href":"https:\/\/afipe.es\/en\/wp-json\/wp\/v2\/pages\/4237\/revisions\/5232"}],"wp:featuredmedia":[{"embeddable":true,"href":"https:\/\/afipe.es\/en\/wp-json\/wp\/v2\/media\/4244"}],"wp:attachment":[{"href":"https:\/\/afipe.es\/en\/wp-json\/wp\/v2\/media?parent=4237"}],"curies":[{"name":"wp","href":"https:\/\/api.w.org\/{rel}","templated":true}]}}