{"id":4320,"date":"2021-05-18T18:32:19","date_gmt":"2021-05-18T18:32:19","guid":{"rendered":"https:\/\/afipe.es\/?page_id=4320"},"modified":"2023-01-15T09:04:32","modified_gmt":"2023-01-15T09:04:32","slug":"motivacionyaf","status":"publish","type":"page","link":"https:\/\/afipe.es\/en\/motivacionyaf\/","title":{"rendered":"Sports physical activity at school age"},"content":{"rendered":"<div class=\"wpb-content-wrapper\"><p>[vc_row full_width=&#8221;stretch_row_content&#8221; full_height=&#8221;yes&#8221; equal_height=&#8221;yes&#8221; custom_css_code=&#8221;LmN1c3RvbS10aXRsZS10aXRsZSUyMCUyMGgxJTdCJTBBJTIwJTIwJTIwJTIwbWFyZ2luLXRvcCUzQTAlM0IlMEElMjAlMjAlMjAlMjBtYXJnaW4tYm90dG9tJTNBMCUzQiUwQSU3RCUwQSU0MG1lZGlhJTIwJTI4bWF4LXdpZHRoJTNBJTIwMTE5OXB4JTI5JTdCJTBBJTIwJTIwJTIwJTIwJTQwaWQud3BiX3JvdyUzRSUyQSUyMCU3QiUwQSUyMCUyMCUyMCUyMCUyMCUyMCUyMCUyMG1hcmdpbi10b3AlM0ElMjAwJTNCJTBBJTIwJTIwJTIwJTIwJTdEJTBBJTdE&#8221;][vc_column interactions_enabled=&#8221;1&#8243; vertical_scroll=&#8221;1&#8243; vertical_scroll_direction=&#8221;vertical_scroll_direction_down&#8221; vertical_scroll_speed=&#8221;10&#8243;]<div id=\"fullwidth-block-69e6e7dd51dd1\" class=\"fullwidth-block clearfix\"  style=\"padding-top: 240px;padding-bottom: 230px;\"><script type=\"text\/javascript\">if (typeof(gem_fix_fullwidth_position) == \"function\") { gem_fix_fullwidth_position(document.getElementById(\"fullwidth-block-69e6e7dd51dd1\")); }<\/script><div class=\"fullwidth-block-background\" style=\"background-image: url(https:\/\/afipe.es\/wp-content\/uploads\/2021\/04\/motivacion-1.jpg);background-repeat: no-repeat; background-size: cover;background-position: center center;\"><\/div><div class=\"fullwidth-block-inner\"><div class=\"container\"><\/div><\/div><\/div>[\/vc_column][\/vc_row][vc_row css=&#8221;.vc_custom_1586418272202{margin-bottom: 30px !important;}&#8221;][vc_column css=&#8221;.vc_custom_1586418243382{padding-top: 0px !important;}&#8221;]<div class=\"clearboth\"><\/div><style>#thegem-divider-69e6e7dd51df8 {margin-top: 50px !important;}<\/style><div id=\"thegem-divider-69e6e7dd51df8\" class=\"gem-divider  \" style=\"\" ><\/div>[\/vc_column][vc_column offset=&#8221;vc_col-md-6&#8243; css=&#8221;.vc_custom_1586418235910{padding-top: 0px !important;}&#8221;][vc_column_text]<\/p>\n<h2 class=\"title-h4\" style=\"text-align: center;\"><span style=\"text-decoration: underline;\"><span style=\"color: #99ccff; text-decoration: underline;\">Sports physical activity at school age<\/span><\/span><\/h2>\n<p>[\/vc_column_text]<div class=\"clearboth\"><\/div><style>#thegem-divider-69e6e7dd51e25 {margin-top: 45px !important;}<\/style><div id=\"thegem-divider-69e6e7dd51e25\" class=\"gem-divider  \" style=\"\" ><\/div>[vc_column_text]<\/p>\n<p style=\"text-align: justify;\">We are a work team promoted by the Research Group &#8220;Physical-Sports Activity in Specific Populations&#8221; (AFIPE) of the Faculty of Physical Activity and Sports Sciences &#8211; INEF of the UPM.<\/p>\n<p style=\"text-align: justify;\">We are currently working in collaboration with the <strong><span style=\"color: #99ccff;\">Faculty of Physical Activity and Sports of the University of Flores (Argentina)<\/span><\/strong>, the <strong><span style=\"color: #99ccff;\">Bachelor&#8217;s Program in Physical Education of the University of Quind\u00edo (Colombia)<\/span><\/strong> and the <strong><span style=\"color: #99ccff;\">Faculdade de Ci\u00eancias Aplicadas da UNICAMP &#8211; Limeira of the Universidade Estadual from Campinas (Brazil).<\/span><\/strong><\/p>\n<p style=\"text-align: justify;\">Our areas of work focus on <em>the comparative study of influencing motivational factors in the practice of physical-sports activity during school age, adolescence and youth, as well as the implementation of intervention programs in physical and sports education.<\/em><\/p>\n<p>[\/vc_column_text][\/vc_column][vc_column offset=&#8221;vc_col-md-6&#8243; css=&#8221;.vc_custom_1586418240284{padding-top: 0px !important;}&#8221;]<div class=\"clearboth\"><\/div><style>#thegem-divider-69e6e7dd51e4d {margin-top: 10px !important;}<\/style><div id=\"thegem-divider-69e6e7dd51e4d\" class=\"gem-divider  \" style=\"\" ><\/div>[vc_single_image image=&#8221;4296&#8243; img_size=&#8221;425&#215;420&#8243; alignment=&#8221;center&#8221; style=&#8221;vc_box_rounded&#8221; css_animation=&#8221;fadeIn&#8221;][\/vc_column][\/vc_row][vc_row custom_css_code=&#8221;LmdlbS1nYWxsZXJ5JTIwJTdCJTBBJTIwJTIwJTIwJTIwJTIwbWFyZ2luLWJvdHRvbSUzQSUyMDEwcHglM0IlMEElN0Q=&#8221;][vc_column][vc_separator color=&#8221;white&#8221;][vc_column_text]<\/p>\n<h4 style=\"text-align: center;\"><span style=\"color: #99ccff;\"><span style=\"text-decoration: underline;\">projects<\/span><\/span><\/h4>\n<p>[\/vc_column_text]<div class=\"clearboth\"><\/div><style>#thegem-divider-69e6e7dd51e73 {margin-top: 50px !important;}<\/style><div id=\"thegem-divider-69e6e7dd51e73\" class=\"gem-divider  \" style=\"\" ><\/div>[vc_tta_tour color=&#8221;sky&#8221; spacing=&#8221;15&#8243; gap=&#8221;15&#8243; active_section=&#8221;1&#8243;][vc_tta_section title=&#8221;Current&#8221; tab_id=&#8221;1589552222417-b6c8c0db-e93f&#8221;][vc_row_inner css=&#8221;.vc_custom_1589552721019{margin-bottom: 0px !important;}&#8221;][vc_column_inner offset=&#8221;vc_col-lg-5&#8243; css=&#8221;.vc_custom_1589553085854{margin-bottom: 0px !important;}&#8221;][vc_column_text css=&#8221;.vc_custom_1621360710791{margin-bottom: 0px !important;}&#8221;]<\/p>\n<h6 style=\"text-align: center;\"><span style=\"color: #99ccff;\">Motivation and adherence to practice in physical education students. Comparative study in Latin American field<\/span><\/h6>\n<p>&nbsp;<\/p>\n<p style=\"text-align: center;\"><em>Project financed by the Polytechnic University of Madrid, in its call for grants to carry out activities with Latin America (code: AL16-PID-19).<\/em><\/p>\n<p>[\/vc_column_text][\/vc_column_inner][vc_column_inner offset=&#8221;vc_col-lg-7&#8243;][vc_single_image image=&#8221;4304&#8243; img_size=&#8221;500&#215;300&#8243; alignment=&#8221;center&#8221; style=&#8221;vc_box_rounded&#8221;][\/vc_column_inner][\/vc_row_inner][\/vc_tta_section][vc_tta_section title=&#8221;associates&#8221; tab_id=&#8221;1589552222444-b3aea1a9-72c2&#8243;][vc_row_inner css=&#8221;.vc_custom_1589553457599{margin-bottom: 0px !important;}&#8221;][vc_column_inner offset=&#8221;vc_col-lg-7&#8243;][vc_single_image image=&#8221;4302&#8243; img_size=&#8221;400&#215;400&#8243; alignment=&#8221;center&#8221; style=&#8221;vc_box_rounded&#8221;][\/vc_column_inner][vc_column_inner offset=&#8221;vc_col-lg-5&#8243; css=&#8221;.vc_custom_1589553424255{margin-bottom: 0px !important;}&#8221;][vc_column_text css=&#8221;.vc_custom_1621360770125{margin-bottom: 0px !important;}&#8221;]<\/p>\n<h6 style=\"text-align: center;\"><span style=\"color: #99ccff;\">&#8220;Analysis of the motivational profiles of the Physical Education student in Secondary and their relationship with the intention of future practice&#8221;<\/span><\/h6>\n<p>&nbsp;<\/p>\n<p style=\"text-align: center;\"><strong>Main researchers:<\/strong> Javier Coter\u00f3n L\u00f3pez (UPM) and Valeria Muriel G\u00f3mez (UFLO).<\/p>\n<p style=\"text-align: center;\"><strong>In collaboration with the University of Flores (Argentina).<\/strong><\/p>\n<p style=\"text-align: center;\"><strong>Project duration:<\/strong> 2 years (2014\/15 y 2015\/16).<\/p>\n<p>[\/vc_column_text][\/vc_column_inner][\/vc_row_inner][vc_column_text]<\/p>\n<h6 style=\"text-align: center;\"><span style=\"color: #99ccff;\">&#8220;Motivational variables related to adherence to physical practice in physical education students. Study in Latin American scope.&#8221;<\/span><\/h6>\n<p>&nbsp;<\/p>\n<p style=\"text-align: center;\"><strong>\u00a0 \u00a0 \u00a0 \u00a0 \u00a0 \u00a0 Main researchers:<\/strong> Javier Coter\u00f3n L\u00f3pez (UPM) and Hernando A. Mart\u00ednez Gonz\u00e1lez (Uniquindio).<\/p>\n<p style=\"text-align: center;\"><strong>\u00a0 \u00a0 \u00a0 \u00a0 \u00a0 \u00a0 In collaboration with the University of Quind\u00edo (Colombia).<\/strong><\/p>\n<p style=\"text-align: center;\"><strong>Project duration: <\/strong>1 years\u00a0(2015\/16).<\/p>\n<p>[\/vc_column_text][\/vc_tta_section][vc_tta_section title=&#8221;Previous&#8221; tab_id=&#8221;1589552255066-970c4ed3-bd99&#8243;][vc_row_inner css=&#8221;.vc_custom_1589553462386{margin-bottom: 0px !important;}&#8221;][vc_column_inner offset=&#8221;vc_col-lg-5&#8243; css=&#8221;.vc_custom_1589553428528{margin-bottom: 0px !important;}&#8221;][vc_column_text css=&#8221;.vc_custom_1621360756622{margin-bottom: 0px !important;}&#8221;]<\/p>\n<h6 style=\"text-align: center;\"><span style=\"color: #99ccff;\">&#8220;Improving the health of our adolescents for a future life: student motivation in physical education.&#8221;<\/span><\/h6>\n<p>&nbsp;<\/p>\n<p style=\"text-align: center;\"><strong>Director:<\/strong> Javier Coter\u00f3n L\u00f3pez.<\/p>\n<p style=\"text-align: center;\"><strong>Project funded by the Polytechnic University of Madrid. 2014.<\/strong><\/p>\n<p>[\/vc_column_text][\/vc_column_inner][vc_column_inner offset=&#8221;vc_col-lg-7&#8243;][vc_single_image image=&#8221;4303&#8243; img_size=&#8221;500&#215;300&#8243; alignment=&#8221;center&#8221; style=&#8221;vc_box_rounded&#8221;][\/vc_column_inner][\/vc_row_inner][vc_column_text]<\/p>\n<h6 style=\"text-align: center;\"><span style=\"color: #99ccff;\">&#8220;improving the health of our adolescents for a future life: student motivation in physical education.&#8221;<\/span><\/h6>\n<p>&nbsp;<\/p>\n<p style=\"text-align: center;\"><strong>\u00a0 \u00a0 \u00a0 \u00a0 Director:<\/strong> Alejandro Mart\u00ednez Gonz\u00e1lez.<\/p>\n<p style=\"text-align: center;\"><strong>\u00a0 \u00a0 \u00a0 \u00a0 Project funded by the University of Quind\u00edo. 2014-2015.<\/strong><\/p>\n<p>[\/vc_column_text][\/vc_tta_section][\/vc_tta_tour][\/vc_column][\/vc_row]<\/p>\n<\/div>","protected":false},"excerpt":{"rendered":"<p>[vc_row full_width=&#8221;stretch_row_content&#8221; full_height=&#8221;yes&#8221; equal_height=&#8221;yes&#8221; custom_css_code=&#8221;LmN1c3RvbS10aXRsZS10aXRsZSUyMCUyMGgxJTdCJTBBJTIwJTIwJTIwJTIwbWFyZ2luLXRvcCUzQTAlM0IlMEElMjAlMjAlMjAlMjBtYXJnaW4tYm90dG9tJTNBMCUzQiUwQSU3RCUwQSU0MG1lZGlhJTIwJTI4bWF4LXdpZHRoJTNBJTIwMTE5OXB4JTI5JTdCJTBBJTIwJTIwJTIwJTIwJTQwaWQud3BiX3JvdyUzRSUyQSUyMCU3QiUwQSUyMCUyMCUyMCUyMCUyMCUyMCUyMCUyMG1hcmdpbi10b3AlM0ElMjAwJTNCJTBBJTIwJTIwJTIwJTIwJTdEJTBBJTdE&#8221;][vc_column interactions_enabled=&#8221;1&#8243; vertical_scroll=&#8221;1&#8243; vertical_scroll_direction=&#8221;vertical_scroll_direction_down&#8221; vertical_scroll_speed=&#8221;10&#8243;][\/vc_column][\/vc_row][vc_row css=&#8221;.vc_custom_1586418272202{margin-bottom: 30px !important;}&#8221;][vc_column css=&#8221;.vc_custom_1586418243382{padding-top: 0px !important;}&#8221;][\/vc_column][vc_column offset=&#8221;vc_col-md-6&#8243; css=&#8221;.vc_custom_1586418235910{padding-top: 0px !important;}&#8221;][vc_column_text] Sports&#8230;<\/p>\n","protected":false},"author":1,"featured_media":0,"parent":0,"menu_order":0,"comment_status":"closed","ping_status":"closed","template":"","meta":{"footnotes":""},"class_list":["post-4320","page","type-page","status-publish"],"yoast_head":"<!-- This site is optimized with the Yoast SEO plugin v25.2 - https:\/\/yoast.com\/wordpress\/plugins\/seo\/ -->\n<title>Sports physical activity at school age - Actividad f\u00edsico-deportiva en poblaciones espec\u00edficas<\/title>\n<meta name=\"description\" content=\"Descubre la l\u00ednea de investigaci\u00f3n referente a motivaci\u00f3n y actividad f\u00edsica del grupo de investigaci\u00f3n AFIPE (UPM - INEF).\" \/>\n<meta name=\"robots\" content=\"index, follow, max-snippet:-1, max-image-preview:large, max-video-preview:-1\" \/>\n<link rel=\"canonical\" href=\"https:\/\/afipe.es\/motivacionyaf\/\" \/>\n<meta property=\"og:locale\" content=\"en_US\" \/>\n<meta property=\"og:type\" content=\"article\" \/>\n<meta property=\"og:title\" content=\"Sports physical activity at school age - Actividad f\u00edsico-deportiva en poblaciones espec\u00edficas\" \/>\n<meta property=\"og:description\" content=\"Descubre la l\u00ednea de investigaci\u00f3n referente a motivaci\u00f3n y actividad f\u00edsica del grupo de investigaci\u00f3n AFIPE (UPM - INEF).\" \/>\n<meta property=\"og:url\" content=\"https:\/\/afipe.es\/motivacionyaf\/\" \/>\n<meta property=\"og:site_name\" content=\"Actividad f\u00edsico-deportiva en poblaciones espec\u00edficas\" \/>\n<meta property=\"article:modified_time\" content=\"2023-01-15T09:04:32+00:00\" \/>\n<meta name=\"twitter:card\" content=\"summary_large_image\" \/>\n<meta name=\"twitter:label1\" content=\"Est. reading time\" \/>\n\t<meta name=\"twitter:data1\" content=\"2 minutes\" \/>\n<script type=\"application\/ld+json\" class=\"yoast-schema-graph\">{\"@context\":\"https:\/\/schema.org\",\"@graph\":[{\"@type\":\"WebPage\",\"@id\":\"https:\/\/afipe.es\/motivacionyaf\/\",\"url\":\"https:\/\/afipe.es\/motivacionyaf\/\",\"name\":\"Sports physical activity at school age - Actividad f\u00edsico-deportiva en poblaciones espec\u00edficas\",\"isPartOf\":{\"@id\":\"https:\/\/afipe.es\/#website\"},\"datePublished\":\"2021-05-18T18:32:19+00:00\",\"dateModified\":\"2023-01-15T09:04:32+00:00\",\"description\":\"Descubre la l\u00ednea de investigaci\u00f3n referente a motivaci\u00f3n y actividad f\u00edsica del grupo de investigaci\u00f3n AFIPE (UPM - INEF).\",\"breadcrumb\":{\"@id\":\"https:\/\/afipe.es\/motivacionyaf\/#breadcrumb\"},\"inLanguage\":\"en-US\",\"potentialAction\":[{\"@type\":\"ReadAction\",\"target\":[\"https:\/\/afipe.es\/motivacionyaf\/\"]}]},{\"@type\":\"BreadcrumbList\",\"@id\":\"https:\/\/afipe.es\/motivacionyaf\/#breadcrumb\",\"itemListElement\":[{\"@type\":\"ListItem\",\"position\":1,\"name\":\"Portada\",\"item\":\"https:\/\/afipe.es\/\"},{\"@type\":\"ListItem\",\"position\":2,\"name\":\"Actividad f\u00edsica deportiva en edad escolar\"}]},{\"@type\":\"WebSite\",\"@id\":\"https:\/\/afipe.es\/#website\",\"url\":\"https:\/\/afipe.es\/\",\"name\":\"Actividad f\u00edsico-deportiva en poblaciones espec\u00edficas\",\"description\":\"AFIPE\",\"potentialAction\":[{\"@type\":\"SearchAction\",\"target\":{\"@type\":\"EntryPoint\",\"urlTemplate\":\"https:\/\/afipe.es\/?s={search_term_string}\"},\"query-input\":{\"@type\":\"PropertyValueSpecification\",\"valueRequired\":true,\"valueName\":\"search_term_string\"}}],\"inLanguage\":\"en-US\"}]}<\/script>\n<!-- \/ Yoast SEO plugin. -->","yoast_head_json":{"title":"Sports physical activity at school age - Actividad f\u00edsico-deportiva en poblaciones espec\u00edficas","description":"Descubre la l\u00ednea de investigaci\u00f3n referente a motivaci\u00f3n y actividad f\u00edsica del grupo de investigaci\u00f3n AFIPE (UPM - INEF).","robots":{"index":"index","follow":"follow","max-snippet":"max-snippet:-1","max-image-preview":"max-image-preview:large","max-video-preview":"max-video-preview:-1"},"canonical":"https:\/\/afipe.es\/motivacionyaf\/","og_locale":"en_US","og_type":"article","og_title":"Sports physical activity at school age - Actividad f\u00edsico-deportiva en poblaciones espec\u00edficas","og_description":"Descubre la l\u00ednea de investigaci\u00f3n referente a motivaci\u00f3n y actividad f\u00edsica del grupo de investigaci\u00f3n AFIPE (UPM - INEF).","og_url":"https:\/\/afipe.es\/motivacionyaf\/","og_site_name":"Actividad f\u00edsico-deportiva en poblaciones espec\u00edficas","article_modified_time":"2023-01-15T09:04:32+00:00","twitter_card":"summary_large_image","twitter_misc":{"Est. reading time":"2 minutes"},"schema":{"@context":"https:\/\/schema.org","@graph":[{"@type":"WebPage","@id":"https:\/\/afipe.es\/motivacionyaf\/","url":"https:\/\/afipe.es\/motivacionyaf\/","name":"Sports physical activity at school age - Actividad f\u00edsico-deportiva en poblaciones espec\u00edficas","isPartOf":{"@id":"https:\/\/afipe.es\/#website"},"datePublished":"2021-05-18T18:32:19+00:00","dateModified":"2023-01-15T09:04:32+00:00","description":"Descubre la l\u00ednea de investigaci\u00f3n referente a motivaci\u00f3n y actividad f\u00edsica del grupo de investigaci\u00f3n AFIPE (UPM - INEF).","breadcrumb":{"@id":"https:\/\/afipe.es\/motivacionyaf\/#breadcrumb"},"inLanguage":"en-US","potentialAction":[{"@type":"ReadAction","target":["https:\/\/afipe.es\/motivacionyaf\/"]}]},{"@type":"BreadcrumbList","@id":"https:\/\/afipe.es\/motivacionyaf\/#breadcrumb","itemListElement":[{"@type":"ListItem","position":1,"name":"Portada","item":"https:\/\/afipe.es\/"},{"@type":"ListItem","position":2,"name":"Actividad f\u00edsica deportiva en edad escolar"}]},{"@type":"WebSite","@id":"https:\/\/afipe.es\/#website","url":"https:\/\/afipe.es\/","name":"Actividad f\u00edsico-deportiva en poblaciones espec\u00edficas","description":"AFIPE","potentialAction":[{"@type":"SearchAction","target":{"@type":"EntryPoint","urlTemplate":"https:\/\/afipe.es\/?s={search_term_string}"},"query-input":{"@type":"PropertyValueSpecification","valueRequired":true,"valueName":"search_term_string"}}],"inLanguage":"en-US"}]}},"_links":{"self":[{"href":"https:\/\/afipe.es\/en\/wp-json\/wp\/v2\/pages\/4320","targetHints":{"allow":["GET"]}}],"collection":[{"href":"https:\/\/afipe.es\/en\/wp-json\/wp\/v2\/pages"}],"about":[{"href":"https:\/\/afipe.es\/en\/wp-json\/wp\/v2\/types\/page"}],"author":[{"embeddable":true,"href":"https:\/\/afipe.es\/en\/wp-json\/wp\/v2\/users\/1"}],"replies":[{"embeddable":true,"href":"https:\/\/afipe.es\/en\/wp-json\/wp\/v2\/comments?post=4320"}],"version-history":[{"count":6,"href":"https:\/\/afipe.es\/en\/wp-json\/wp\/v2\/pages\/4320\/revisions"}],"predecessor-version":[{"id":5123,"href":"https:\/\/afipe.es\/en\/wp-json\/wp\/v2\/pages\/4320\/revisions\/5123"}],"wp:attachment":[{"href":"https:\/\/afipe.es\/en\/wp-json\/wp\/v2\/media?parent=4320"}],"curies":[{"name":"wp","href":"https:\/\/api.w.org\/{rel}","templated":true}]}}