{"id":5072,"date":"2022-11-18T11:20:47","date_gmt":"2022-11-18T11:20:47","guid":{"rendered":"https:\/\/afipe.es\/?page_id=5072"},"modified":"2023-01-15T21:32:19","modified_gmt":"2023-01-15T21:32:19","slug":"cedi","status":"publish","type":"page","link":"https:\/\/afipe.es\/en\/cedi\/","title":{"rendered":"Physical activity and disability"},"content":{"rendered":"<div class=\"wpb-content-wrapper\"><p>[vc_row][vc_column css=&#8221;.vc_custom_1585747182262{padding-top: 0px !important;}&#8221;][vc_column_text]<\/p>\n<h1 style=\"text-align: center;\"><span style=\"color: #3c3950;\"><span class=\"light\">physical activity<\/span> <span style=\"color: #99ccff;\">and DISability<\/span><\/span><\/h1>\n<p>[\/vc_column_text]<div class=\"clearboth\"><\/div><style>#thegem-divider-69e0c3eaa5a65 {margin-top: 55px !important;}<\/style><div id=\"thegem-divider-69e0c3eaa5a65\" class=\"gem-divider  \" style=\"\" ><\/div>[vc_column_text]<\/p>\n<div class=\"styled-subtitle\" style=\"text-align: center; max-width: 1170px; margin: 0 auto;\">The <strong><span style=\"color: #99ccff;\"><a style=\"color: #99ccff;\" href=\"https:\/\/www.deporteinclusivo.com\/\">\u201cFundaci\u00f3n Sanitas\u201d Chair for Studies on Inclusive Sport (CEDI)<\/a><\/span><\/strong> is a joint initiative of the Faculty of Physical Activity and Sport Sciences (INEF), the Polytechnic University of Madrid, and the Sanitas Foundation, whose <span style=\"color: #99ccff;\"><strong>main objective<\/strong><\/span> is is to promote the initiation and promotion of sports in people with disabilities through inclusive contexts. With its creation, both institutions try to extend the benefits of sport to people with disabilities as a way to promote their health and quality of life.<\/div>\n<p>[\/vc_column_text]<div class=\"clearboth\"><\/div><style>#thegem-divider-69e0c3eaa5a7b {margin-top: 40px !important;}<\/style><div id=\"thegem-divider-69e0c3eaa5a7b\" class=\"gem-divider  \" style=\"\" ><\/div>[vc_column_text]<\/p>\n<div class=\"styled-subtitle\" style=\"text-align: center; max-width: 1170px; margin: 0 auto;\"><strong><span style=\"color: #99ccff;\"><a style=\"color: #99ccff;\" href=\"https:\/\/www.deporteinclusivo.com\/\">CEDI web access\u00a0<\/a><\/span><\/strong><\/div>\n<p>[\/vc_column_text][\/vc_column][\/vc_row][vc_row full_width=&#8221;stretch_row&#8221; content_placement=&#8221;top&#8221; css=&#8221;.vc_custom_1668770260892{margin-bottom: 0px !important;background-color: #ffffff !important;}&#8221;][vc_column offset=&#8221;vc_col-lg-6 vc_col-md-6&#8243;][vc_column_text css_animation=&#8221;bottom-to-top&#8221;]<\/p>\n<p style=\"text-align: justify;\">Since October 2009, <strong><span style=\"color: #99ccff;\"><a style=\"color: #99ccff;\" href=\"https:\/\/www.deporteinclusivo.com\/\">CEDI<\/a><\/span><\/strong> aims to be the point of reference in the dissemination, research, knowledge and best practices (if possible, based on evidence) of physical activities and adapted sports aimed at the health of people with disabilities.<\/p>\n<p style=\"text-align: justify;\">In addition, it is dedicated to analyzing and disseminating the benefits, at all levels, of <strong><span style=\"color: #99ccff;\">physical and sports activities for people with disabilities<\/span><\/strong> through the sensitization and awareness of all the agents involved, positioning itself in Spain as the benchmark institution for inclusive sports.<\/p>\n<p>[\/vc_column_text][\/vc_column][vc_column width=&#8221;1\/2&#8243; offset=&#8221;vc_col-lg-6 vc_col-md-6 vc_hidden-sm vc_hidden-xs&#8221;][layerslider_vc id=&#8221;3&#8243;][\/vc_column][\/vc_row][vc_row][vc_column][vc_separator color=&#8221;white&#8221; border_width=&#8221;4&#8243;][\/vc_column][\/vc_row]<\/p>\n<\/div>","protected":false},"excerpt":{"rendered":"<p>[vc_row][vc_column css=&#8221;.vc_custom_1585747182262{padding-top: 0px !important;}&#8221;][vc_column_text] physical activity and DISability [\/vc_column_text][vc_column_text] The \u201cFundaci\u00f3n Sanitas\u201d Chair for Studies on Inclusive Sport (CEDI) is&#8230;<\/p>\n","protected":false},"author":1,"featured_media":5073,"parent":0,"menu_order":0,"comment_status":"closed","ping_status":"closed","template":"","meta":{"footnotes":""},"class_list":["post-5072","page","type-page","status-publish","has-post-thumbnail"],"yoast_head":"<!-- This site is optimized with the Yoast SEO plugin v25.2 - https:\/\/yoast.com\/wordpress\/plugins\/seo\/ -->\n<title>Physical activity and disability - Actividad f\u00edsico-deportiva en poblaciones espec\u00edficas<\/title>\n<meta name=\"description\" content=\"The \u201cFundaci\u00f3n Sanitas\u201d Chair for Studies on Inclusive Sport (CEDI) is a joint initiative of the Faculty of Physical Activity and Sports Sciences (INEF), the Universidad Polit\u00e9cnica of Madrid, and the Sanitas Foundation, whose main objective is to promote the initiation and promotion of sports in people with disabilities through inclusive contexts.\" \/>\n<meta name=\"robots\" content=\"index, follow, max-snippet:-1, max-image-preview:large, max-video-preview:-1\" \/>\n<link rel=\"canonical\" href=\"https:\/\/afipe.es\/cedi\/\" \/>\n<meta property=\"og:locale\" content=\"en_US\" \/>\n<meta property=\"og:type\" content=\"article\" \/>\n<meta property=\"og:title\" content=\"Physical activity and disability - Actividad f\u00edsico-deportiva en poblaciones espec\u00edficas\" \/>\n<meta property=\"og:description\" content=\"{:es}La C\u00e1tedra \u00abFundaci\u00f3n Sanitas\u00bb de Estudios sobre Deporte Inclusivo (CEDI) es una iniciativa conjunta de la Facultad de Ciencias de la Actividad F\u00edsica y el Deporte (INEF), de la Universidad Polit\u00e9cnica de Madrid, y de la Fundaci\u00f3n Sanitas, cuyo objetivo principal es fomentar la iniciaci\u00f3n y la promoci\u00f3n deportiva en personas con discapacidad a trav\u00e9s de contextos inclusivos. {:en} The \u201cFundaci\u00f3n Sanitas\u201d Chair for Studies on Inclusive Sport (CEDI) is a joint initiative of the Faculty of Physical Activity and Sports Sciences (INEF), the Universidad Polit\u00e9cnica of Madrid, and the Sanitas Foundation, whose main objective is to promote the initiation and promotion of sports in people with disabilities through inclusive contexts.{:}\" \/>\n<meta property=\"og:url\" content=\"https:\/\/afipe.es\/cedi\/\" \/>\n<meta property=\"og:site_name\" content=\"Actividad f\u00edsico-deportiva en poblaciones espec\u00edficas\" \/>\n<meta property=\"article:modified_time\" content=\"2023-01-15T21:32:19+00:00\" \/>\n<meta property=\"og:image\" content=\"https:\/\/afipe.es\/wp-content\/uploads\/2022\/11\/CEDI.jpg\" \/>\n\t<meta property=\"og:image:width\" content=\"660\" \/>\n\t<meta property=\"og:image:height\" content=\"900\" \/>\n\t<meta property=\"og:image:type\" content=\"image\/jpeg\" \/>\n<meta name=\"twitter:card\" content=\"summary_large_image\" \/>\n<meta name=\"twitter:label1\" content=\"Est. reading time\" \/>\n\t<meta name=\"twitter:data1\" content=\"1 minute\" \/>\n<script type=\"application\/ld+json\" class=\"yoast-schema-graph\">{\"@context\":\"https:\/\/schema.org\",\"@graph\":[{\"@type\":\"WebPage\",\"@id\":\"https:\/\/afipe.es\/cedi\/\",\"url\":\"https:\/\/afipe.es\/cedi\/\",\"name\":\"Physical activity and disability - Actividad f\u00edsico-deportiva en poblaciones espec\u00edficas\",\"isPartOf\":{\"@id\":\"https:\/\/afipe.es\/#website\"},\"primaryImageOfPage\":{\"@id\":\"https:\/\/afipe.es\/cedi\/#primaryimage\"},\"image\":{\"@id\":\"https:\/\/afipe.es\/cedi\/#primaryimage\"},\"thumbnailUrl\":\"https:\/\/afipe.es\/wp-content\/uploads\/2022\/11\/CEDI.jpg\",\"datePublished\":\"2022-11-18T11:20:47+00:00\",\"dateModified\":\"2023-01-15T21:32:19+00:00\",\"description\":\"{:es}La C\u00e1tedra \u00abFundaci\u00f3n Sanitas\u00bb de Estudios sobre Deporte Inclusivo (CEDI) es una iniciativa conjunta de la Facultad de Ciencias de la Actividad F\u00edsica y el Deporte (INEF), de la Universidad Polit\u00e9cnica de Madrid, y de la Fundaci\u00f3n Sanitas, cuyo objetivo principal es fomentar la iniciaci\u00f3n y la promoci\u00f3n deportiva en personas con discapacidad a trav\u00e9s de contextos inclusivos. {:en} The \u201cFundaci\u00f3n Sanitas\u201d Chair for Studies on Inclusive Sport (CEDI) is a joint initiative of the Faculty of Physical Activity and Sports Sciences (INEF), the Universidad Polit\u00e9cnica of Madrid, and the Sanitas Foundation, whose main objective is to promote the initiation and promotion of sports in people with disabilities through inclusive contexts.{:}\",\"breadcrumb\":{\"@id\":\"https:\/\/afipe.es\/cedi\/#breadcrumb\"},\"inLanguage\":\"en-US\",\"potentialAction\":[{\"@type\":\"ReadAction\",\"target\":[\"https:\/\/afipe.es\/cedi\/\"]}]},{\"@type\":\"ImageObject\",\"inLanguage\":\"en-US\",\"@id\":\"https:\/\/afipe.es\/cedi\/#primaryimage\",\"url\":\"https:\/\/afipe.es\/wp-content\/uploads\/2022\/11\/CEDI.jpg\",\"contentUrl\":\"https:\/\/afipe.es\/wp-content\/uploads\/2022\/11\/CEDI.jpg\",\"width\":660,\"height\":900},{\"@type\":\"BreadcrumbList\",\"@id\":\"https:\/\/afipe.es\/cedi\/#breadcrumb\",\"itemListElement\":[{\"@type\":\"ListItem\",\"position\":1,\"name\":\"Portada\",\"item\":\"https:\/\/afipe.es\/\"},{\"@type\":\"ListItem\",\"position\":2,\"name\":\"Actividad f\u00edsica y discapacidad\"}]},{\"@type\":\"WebSite\",\"@id\":\"https:\/\/afipe.es\/#website\",\"url\":\"https:\/\/afipe.es\/\",\"name\":\"Actividad f\u00edsico-deportiva en poblaciones espec\u00edficas\",\"description\":\"AFIPE\",\"potentialAction\":[{\"@type\":\"SearchAction\",\"target\":{\"@type\":\"EntryPoint\",\"urlTemplate\":\"https:\/\/afipe.es\/?s={search_term_string}\"},\"query-input\":{\"@type\":\"PropertyValueSpecification\",\"valueRequired\":true,\"valueName\":\"search_term_string\"}}],\"inLanguage\":\"en-US\"}]}<\/script>\n<!-- \/ Yoast SEO plugin. -->","yoast_head_json":{"title":"Physical activity and disability - Actividad f\u00edsico-deportiva en poblaciones espec\u00edficas","description":"The \u201cFundaci\u00f3n Sanitas\u201d Chair for Studies on Inclusive Sport (CEDI) is a joint initiative of the Faculty of Physical Activity and Sports Sciences (INEF), the Universidad Polit\u00e9cnica of Madrid, and the Sanitas Foundation, whose main objective is to promote the initiation and promotion of sports in people with disabilities through inclusive contexts.","robots":{"index":"index","follow":"follow","max-snippet":"max-snippet:-1","max-image-preview":"max-image-preview:large","max-video-preview":"max-video-preview:-1"},"canonical":"https:\/\/afipe.es\/cedi\/","og_locale":"en_US","og_type":"article","og_title":"Physical activity and disability - Actividad f\u00edsico-deportiva en poblaciones espec\u00edficas","og_description":"{:es}La C\u00e1tedra \u00abFundaci\u00f3n Sanitas\u00bb de Estudios sobre Deporte Inclusivo (CEDI) es una iniciativa conjunta de la Facultad de Ciencias de la Actividad F\u00edsica y el Deporte (INEF), de la Universidad Polit\u00e9cnica de Madrid, y de la Fundaci\u00f3n Sanitas, cuyo objetivo principal es fomentar la iniciaci\u00f3n y la promoci\u00f3n deportiva en personas con discapacidad a trav\u00e9s de contextos inclusivos. {:en} The \u201cFundaci\u00f3n Sanitas\u201d Chair for Studies on Inclusive Sport (CEDI) is a joint initiative of the Faculty of Physical Activity and Sports Sciences (INEF), the Universidad Polit\u00e9cnica of Madrid, and the Sanitas Foundation, whose main objective is to promote the initiation and promotion of sports in people with disabilities through inclusive contexts.{:}","og_url":"https:\/\/afipe.es\/cedi\/","og_site_name":"Actividad f\u00edsico-deportiva en poblaciones espec\u00edficas","article_modified_time":"2023-01-15T21:32:19+00:00","og_image":[{"width":660,"height":900,"url":"https:\/\/afipe.es\/wp-content\/uploads\/2022\/11\/CEDI.jpg","type":"image\/jpeg"}],"twitter_card":"summary_large_image","twitter_misc":{"Est. reading time":"1 minute"},"schema":{"@context":"https:\/\/schema.org","@graph":[{"@type":"WebPage","@id":"https:\/\/afipe.es\/cedi\/","url":"https:\/\/afipe.es\/cedi\/","name":"Physical activity and disability - Actividad f\u00edsico-deportiva en poblaciones espec\u00edficas","isPartOf":{"@id":"https:\/\/afipe.es\/#website"},"primaryImageOfPage":{"@id":"https:\/\/afipe.es\/cedi\/#primaryimage"},"image":{"@id":"https:\/\/afipe.es\/cedi\/#primaryimage"},"thumbnailUrl":"https:\/\/afipe.es\/wp-content\/uploads\/2022\/11\/CEDI.jpg","datePublished":"2022-11-18T11:20:47+00:00","dateModified":"2023-01-15T21:32:19+00:00","description":"{:es}La C\u00e1tedra \u00abFundaci\u00f3n Sanitas\u00bb de Estudios sobre Deporte Inclusivo (CEDI) es una iniciativa conjunta de la Facultad de Ciencias de la Actividad F\u00edsica y el Deporte (INEF), de la Universidad Polit\u00e9cnica de Madrid, y de la Fundaci\u00f3n Sanitas, cuyo objetivo principal es fomentar la iniciaci\u00f3n y la promoci\u00f3n deportiva en personas con discapacidad a trav\u00e9s de contextos inclusivos. {:en} The \u201cFundaci\u00f3n Sanitas\u201d Chair for Studies on Inclusive Sport (CEDI) is a joint initiative of the Faculty of Physical Activity and Sports Sciences (INEF), the Universidad Polit\u00e9cnica of Madrid, and the Sanitas Foundation, whose main objective is to promote the initiation and promotion of sports in people with disabilities through inclusive contexts.{:}","breadcrumb":{"@id":"https:\/\/afipe.es\/cedi\/#breadcrumb"},"inLanguage":"en-US","potentialAction":[{"@type":"ReadAction","target":["https:\/\/afipe.es\/cedi\/"]}]},{"@type":"ImageObject","inLanguage":"en-US","@id":"https:\/\/afipe.es\/cedi\/#primaryimage","url":"https:\/\/afipe.es\/wp-content\/uploads\/2022\/11\/CEDI.jpg","contentUrl":"https:\/\/afipe.es\/wp-content\/uploads\/2022\/11\/CEDI.jpg","width":660,"height":900},{"@type":"BreadcrumbList","@id":"https:\/\/afipe.es\/cedi\/#breadcrumb","itemListElement":[{"@type":"ListItem","position":1,"name":"Portada","item":"https:\/\/afipe.es\/"},{"@type":"ListItem","position":2,"name":"Actividad f\u00edsica y discapacidad"}]},{"@type":"WebSite","@id":"https:\/\/afipe.es\/#website","url":"https:\/\/afipe.es\/","name":"Actividad f\u00edsico-deportiva en poblaciones espec\u00edficas","description":"AFIPE","potentialAction":[{"@type":"SearchAction","target":{"@type":"EntryPoint","urlTemplate":"https:\/\/afipe.es\/?s={search_term_string}"},"query-input":{"@type":"PropertyValueSpecification","valueRequired":true,"valueName":"search_term_string"}}],"inLanguage":"en-US"}]}},"_links":{"self":[{"href":"https:\/\/afipe.es\/en\/wp-json\/wp\/v2\/pages\/5072","targetHints":{"allow":["GET"]}}],"collection":[{"href":"https:\/\/afipe.es\/en\/wp-json\/wp\/v2\/pages"}],"about":[{"href":"https:\/\/afipe.es\/en\/wp-json\/wp\/v2\/types\/page"}],"author":[{"embeddable":true,"href":"https:\/\/afipe.es\/en\/wp-json\/wp\/v2\/users\/1"}],"replies":[{"embeddable":true,"href":"https:\/\/afipe.es\/en\/wp-json\/wp\/v2\/comments?post=5072"}],"version-history":[{"count":9,"href":"https:\/\/afipe.es\/en\/wp-json\/wp\/v2\/pages\/5072\/revisions"}],"predecessor-version":[{"id":5161,"href":"https:\/\/afipe.es\/en\/wp-json\/wp\/v2\/pages\/5072\/revisions\/5161"}],"wp:featuredmedia":[{"embeddable":true,"href":"https:\/\/afipe.es\/en\/wp-json\/wp\/v2\/media\/5073"}],"wp:attachment":[{"href":"https:\/\/afipe.es\/en\/wp-json\/wp\/v2\/media?parent=5072"}],"curies":[{"name":"wp","href":"https:\/\/api.w.org\/{rel}","templated":true}]}}