{"id":5105,"date":"2023-01-13T12:41:23","date_gmt":"2023-01-13T12:41:23","guid":{"rendered":"https:\/\/afipe.es\/?page_id=5105"},"modified":"2025-05-28T19:09:24","modified_gmt":"2025-05-28T19:09:24","slug":"guia-practica","status":"publish","type":"page","link":"https:\/\/afipe.es\/en\/guia-practica\/","title":{"rendered":"Spanish clinical practice guideline for physical activity throughout pregnancy"},"content":{"rendered":"<div class=\"wpb-content-wrapper\"><p>[vc_row full_width=&#8221;stretch_row&#8221; css=&#8221;.vc_custom_1669633886450{margin-bottom: 0px !important;padding-top: 120px !important;padding-bottom: 100px !important;background-color: #ffffff !important;}&#8221;][vc_column offset=&#8221;vc_col-lg-6 vc_col-md-6 vc_col-xs-12&#8243;][vc_column_text css=&#8221;.vc_custom_1669633856076{margin-top: 0px !important;margin-bottom: 0px !important;padding-top: 0px !important;padding-bottom: 0px !important;}&#8221; css_animation=&#8221;none&#8221;]<\/p>\n<div class=\"title-h4\" style=\"text-align: center;\"><span class=\"light\">spanish clinical practice guideline\u00a0<\/span><\/div>\n<p>[\/vc_column_text][vc_column_text css=&#8221;.vc_custom_1669633848284{margin-top: 0px !important;margin-bottom: 0px !important;padding-top: 0px !important;padding-bottom: 0px !important;}&#8221; css_animation=&#8221;none&#8221;]<\/p>\n<div class=\"title-h2\" style=\"text-align: center;\">for physical activity throughout pregnancy<\/div>\n<p>[\/vc_column_text]<div class=\"clearboth\"><\/div><style>#thegem-divider-6a00eb3f0832e {margin-top: 15px !important;}<\/style><div id=\"thegem-divider-6a00eb3f0832e\" class=\"gem-divider  \" style=\"\" ><\/div>[vc_column_text css=&#8221;&#8221; css_animation=&#8221;none&#8221;]<\/p>\n<p style=\"text-align: justify;\">After the previous work of the research group in relation to the systematic search for recent scientific evidence on certain variables potentially influenced by physical activity during pregnancy, on November 14 and 15, 2022, work sessions were held, for the consensus, consideration and contribution of keys to elaborate a series of recommendations for the practice of physical activity during pregnancy.<\/p>\n<p style=\"text-align: justify;\">During these days, researchers from different countries and very involved in research on physical activity during pregnancy, met at the Faculty of Physical Activity and Sports Sciences (INEF) of the Polytechnic University of Madrid (UPM) and designed the recommendations for the pregnant population, ending in a clinical practice guideline published in the Spanish Health National System.<\/p>\n<p>[\/vc_column_text][\/vc_column][vc_column disable_custom_paddings_tablet=&#8221;true&#8221; disable_custom_paddings_mobile=&#8221;true&#8221; css=&#8221;.vc_custom_1540472881684{margin-left: 0px !important;padding-left: 0px !important;}&#8221; offset=&#8221;vc_col-lg-6 vc_col-md-6 vc_col-xs-12&#8243;]<div class=\"centered-box gem-image-centered-box\" ><div class=\"gem-image gem-wrapbox gem-wrapbox-style-default gem-wrapbox-position-centered  thegem-custom-6a00eb3f08360357\"  style=\"\" ><div class=\"gem-wrapbox-inner \" ><a href=\"https:\/\/afipe.es\/wp-content\/uploads\/2023\/01\/Guia-espanola-de-practica-clinica-sobre-actividad-fisica-durante-el-embarazo.jpeg\" class=\"fancybox\"><img class=\"gem-wrapbox-element img-responsive\" src=\"https:\/\/afipe.es\/wp-content\/uploads\/2023\/01\/Guia-espanola-de-practica-clinica-sobre-actividad-fisica-durante-el-embarazo.jpeg\" alt=\"\"\/><\/a><\/div><\/div><\/div>[\/vc_column][vc_column css=&#8221;.vc_custom_1578656655697{margin-bottom: 0px !important;padding-top: 0px !important;padding-bottom: 0px !important;}&#8221;]<div class=\"clearboth\"><\/div><style>#thegem-divider-6a00eb3f08452 {margin-top: 60px !important;}<\/style><div id=\"thegem-divider-6a00eb3f08452\" class=\"gem-divider  \" style=\"\" ><\/div><div style='background-color: #e5ebeb; border-color: #e5ebeb; '  class=\"gem-quote gem-quote-style-1 gem-quote-no-paddings custom-color-blockqute-mark-added\" ><blockquote  ><\/p>\n<div class=\"title-h5\" style=\"text-align: center;\">professionals from the physical activity and sports sciences, and from the health area of various Spanish centers (obstetrics and gynecology), agreed on the guidelines of the future recommendations with a common objective: to avoid a sedentary lifestyle taking advantage of the innumerable benefits of the practice of physical activity during pregnancy<\/div>\n<p><\/blockquote><span style=color:#e5ebeb;  class=\"custom-color-blockqute-mark\">&#xe60c;<\/span><\/div>[\/vc_column][\/vc_row][vc_row full_width=&#8221;stretch_row_content_no_spaces&#8221;][vc_column][vc_column_text css=&#8221;&#8221;]<\/p>\n<div class=\"title-h5\" style=\"text-align: center;\"><a href=\"https:\/\/portal.guiasalud.es\/gpc\/actividad-fisica-embarazo\/\">Access to physical activity during pregnancy clinical practice guideline<\/a><\/div>\n<p>[\/vc_column_text][\/vc_column][vc_column][\/vc_column][\/vc_row]<\/p>\n<\/div>","protected":false},"excerpt":{"rendered":"<p>[vc_row full_width=&#8221;stretch_row&#8221; css=&#8221;.vc_custom_1669633886450{margin-bottom: 0px !important;padding-top: 120px !important;padding-bottom: 100px !important;background-color: #ffffff !important;}&#8221;][vc_column offset=&#8221;vc_col-lg-6 vc_col-md-6 vc_col-xs-12&#8243;][vc_column_text css=&#8221;.vc_custom_1669633856076{margin-top: 0px !important;margin-bottom: 0px !important;padding-top: 0px&#8230;<\/p>\n","protected":false},"author":1,"featured_media":5113,"parent":0,"menu_order":0,"comment_status":"closed","ping_status":"closed","template":"","meta":{"footnotes":""},"class_list":["post-5105","page","type-page","status-publish","has-post-thumbnail"],"yoast_head":"<!-- This site is optimized with the Yoast SEO plugin v25.2 - https:\/\/yoast.com\/wordpress\/plugins\/seo\/ -->\n<title>Spanish clinical practice guideline for physical activity throughout pregnancy - Actividad f\u00edsico-deportiva en poblaciones espec\u00edficas<\/title>\n<meta name=\"description\" content=\"(Espa\u00f1ol) Profesionales de las Ciencias de la Actividad F\u00edsica y del Deporte, y del \u00e1rea sanitaria de diversos centros espa\u00f1oles (obstetricia y ginecolog\u00eda), consensuaron las directrices de las futuras recomendaciones\" \/>\n<meta name=\"robots\" content=\"index, follow, max-snippet:-1, max-image-preview:large, max-video-preview:-1\" \/>\n<link rel=\"canonical\" href=\"https:\/\/afipe.es\/guia-practica\/\" \/>\n<meta property=\"og:locale\" content=\"en_US\" \/>\n<meta property=\"og:type\" content=\"article\" \/>\n<meta property=\"og:title\" content=\"Spanish clinical practice guideline for physical activity throughout pregnancy - Actividad f\u00edsico-deportiva en poblaciones espec\u00edficas\" \/>\n<meta property=\"og:description\" content=\"{:es}Profesionales de las Ciencias de la Actividad F\u00edsica y del Deporte, y del \u00e1rea sanitaria de diversos centros espa\u00f1oles (obstetricia y ginecolog\u00eda), consensuaron las directrices de las futuras recomendaciones{:}\" \/>\n<meta property=\"og:url\" content=\"https:\/\/afipe.es\/guia-practica\/\" \/>\n<meta property=\"og:site_name\" content=\"Actividad f\u00edsico-deportiva en poblaciones espec\u00edficas\" \/>\n<meta property=\"article:modified_time\" content=\"2025-05-28T19:09:24+00:00\" \/>\n<meta property=\"og:image\" content=\"https:\/\/afipe.es\/wp-content\/uploads\/2023\/01\/Guia-espanola-de-practica-clinica-sobre-actividad-fisica-durante-el-embarazo.jpeg\" \/>\n\t<meta property=\"og:image:width\" content=\"2048\" \/>\n\t<meta property=\"og:image:height\" content=\"1536\" \/>\n\t<meta property=\"og:image:type\" content=\"image\/jpeg\" \/>\n<meta name=\"twitter:card\" content=\"summary_large_image\" \/>\n<meta name=\"twitter:label1\" content=\"Est. reading time\" \/>\n\t<meta name=\"twitter:data1\" content=\"2 minutes\" \/>\n<script type=\"application\/ld+json\" class=\"yoast-schema-graph\">{\"@context\":\"https:\/\/schema.org\",\"@graph\":[{\"@type\":\"WebPage\",\"@id\":\"https:\/\/afipe.es\/guia-practica\/\",\"url\":\"https:\/\/afipe.es\/guia-practica\/\",\"name\":\"Spanish clinical practice guideline for physical activity throughout pregnancy - Actividad f\u00edsico-deportiva en poblaciones espec\u00edficas\",\"isPartOf\":{\"@id\":\"https:\/\/afipe.es\/#website\"},\"primaryImageOfPage\":{\"@id\":\"https:\/\/afipe.es\/guia-practica\/#primaryimage\"},\"image\":{\"@id\":\"https:\/\/afipe.es\/guia-practica\/#primaryimage\"},\"thumbnailUrl\":\"https:\/\/afipe.es\/wp-content\/uploads\/2023\/01\/Guia-espanola-de-practica-clinica-sobre-actividad-fisica-durante-el-embarazo.jpeg\",\"datePublished\":\"2023-01-13T12:41:23+00:00\",\"dateModified\":\"2025-05-28T19:09:24+00:00\",\"description\":\"{:es}Profesionales de las Ciencias de la Actividad F\u00edsica y del Deporte, y del \u00e1rea sanitaria de diversos centros espa\u00f1oles (obstetricia y ginecolog\u00eda), consensuaron las directrices de las futuras recomendaciones{:}\",\"breadcrumb\":{\"@id\":\"https:\/\/afipe.es\/guia-practica\/#breadcrumb\"},\"inLanguage\":\"en-US\",\"potentialAction\":[{\"@type\":\"ReadAction\",\"target\":[\"https:\/\/afipe.es\/guia-practica\/\"]}]},{\"@type\":\"ImageObject\",\"inLanguage\":\"en-US\",\"@id\":\"https:\/\/afipe.es\/guia-practica\/#primaryimage\",\"url\":\"https:\/\/afipe.es\/wp-content\/uploads\/2023\/01\/Guia-espanola-de-practica-clinica-sobre-actividad-fisica-durante-el-embarazo.jpeg\",\"contentUrl\":\"https:\/\/afipe.es\/wp-content\/uploads\/2023\/01\/Guia-espanola-de-practica-clinica-sobre-actividad-fisica-durante-el-embarazo.jpeg\",\"width\":2048,\"height\":1536},{\"@type\":\"BreadcrumbList\",\"@id\":\"https:\/\/afipe.es\/guia-practica\/#breadcrumb\",\"itemListElement\":[{\"@type\":\"ListItem\",\"position\":1,\"name\":\"Portada\",\"item\":\"https:\/\/afipe.es\/\"},{\"@type\":\"ListItem\",\"position\":2,\"name\":\"Gu\u00eda espa\u00f1ola de pr\u00e1ctica cl\u00ednica sobre actividad f\u00edsica durante el embarazo\"}]},{\"@type\":\"WebSite\",\"@id\":\"https:\/\/afipe.es\/#website\",\"url\":\"https:\/\/afipe.es\/\",\"name\":\"Actividad f\u00edsico-deportiva en poblaciones espec\u00edficas\",\"description\":\"AFIPE\",\"potentialAction\":[{\"@type\":\"SearchAction\",\"target\":{\"@type\":\"EntryPoint\",\"urlTemplate\":\"https:\/\/afipe.es\/?s={search_term_string}\"},\"query-input\":{\"@type\":\"PropertyValueSpecification\",\"valueRequired\":true,\"valueName\":\"search_term_string\"}}],\"inLanguage\":\"en-US\"}]}<\/script>\n<!-- \/ Yoast SEO plugin. -->","yoast_head_json":{"title":"Spanish clinical practice guideline for physical activity throughout pregnancy - Actividad f\u00edsico-deportiva en poblaciones espec\u00edficas","description":"(Espa\u00f1ol) Profesionales de las Ciencias de la Actividad F\u00edsica y del Deporte, y del \u00e1rea sanitaria de diversos centros espa\u00f1oles (obstetricia y ginecolog\u00eda), consensuaron las directrices de las futuras recomendaciones","robots":{"index":"index","follow":"follow","max-snippet":"max-snippet:-1","max-image-preview":"max-image-preview:large","max-video-preview":"max-video-preview:-1"},"canonical":"https:\/\/afipe.es\/guia-practica\/","og_locale":"en_US","og_type":"article","og_title":"Spanish clinical practice guideline for physical activity throughout pregnancy - Actividad f\u00edsico-deportiva en poblaciones espec\u00edficas","og_description":"{:es}Profesionales de las Ciencias de la Actividad F\u00edsica y del Deporte, y del \u00e1rea sanitaria de diversos centros espa\u00f1oles (obstetricia y ginecolog\u00eda), consensuaron las directrices de las futuras recomendaciones{:}","og_url":"https:\/\/afipe.es\/guia-practica\/","og_site_name":"Actividad f\u00edsico-deportiva en poblaciones espec\u00edficas","article_modified_time":"2025-05-28T19:09:24+00:00","og_image":[{"width":2048,"height":1536,"url":"https:\/\/afipe.es\/wp-content\/uploads\/2023\/01\/Guia-espanola-de-practica-clinica-sobre-actividad-fisica-durante-el-embarazo.jpeg","type":"image\/jpeg"}],"twitter_card":"summary_large_image","twitter_misc":{"Est. reading time":"2 minutes"},"schema":{"@context":"https:\/\/schema.org","@graph":[{"@type":"WebPage","@id":"https:\/\/afipe.es\/guia-practica\/","url":"https:\/\/afipe.es\/guia-practica\/","name":"Spanish clinical practice guideline for physical activity throughout pregnancy - Actividad f\u00edsico-deportiva en poblaciones espec\u00edficas","isPartOf":{"@id":"https:\/\/afipe.es\/#website"},"primaryImageOfPage":{"@id":"https:\/\/afipe.es\/guia-practica\/#primaryimage"},"image":{"@id":"https:\/\/afipe.es\/guia-practica\/#primaryimage"},"thumbnailUrl":"https:\/\/afipe.es\/wp-content\/uploads\/2023\/01\/Guia-espanola-de-practica-clinica-sobre-actividad-fisica-durante-el-embarazo.jpeg","datePublished":"2023-01-13T12:41:23+00:00","dateModified":"2025-05-28T19:09:24+00:00","description":"{:es}Profesionales de las Ciencias de la Actividad F\u00edsica y del Deporte, y del \u00e1rea sanitaria de diversos centros espa\u00f1oles (obstetricia y ginecolog\u00eda), consensuaron las directrices de las futuras recomendaciones{:}","breadcrumb":{"@id":"https:\/\/afipe.es\/guia-practica\/#breadcrumb"},"inLanguage":"en-US","potentialAction":[{"@type":"ReadAction","target":["https:\/\/afipe.es\/guia-practica\/"]}]},{"@type":"ImageObject","inLanguage":"en-US","@id":"https:\/\/afipe.es\/guia-practica\/#primaryimage","url":"https:\/\/afipe.es\/wp-content\/uploads\/2023\/01\/Guia-espanola-de-practica-clinica-sobre-actividad-fisica-durante-el-embarazo.jpeg","contentUrl":"https:\/\/afipe.es\/wp-content\/uploads\/2023\/01\/Guia-espanola-de-practica-clinica-sobre-actividad-fisica-durante-el-embarazo.jpeg","width":2048,"height":1536},{"@type":"BreadcrumbList","@id":"https:\/\/afipe.es\/guia-practica\/#breadcrumb","itemListElement":[{"@type":"ListItem","position":1,"name":"Portada","item":"https:\/\/afipe.es\/"},{"@type":"ListItem","position":2,"name":"Gu\u00eda espa\u00f1ola de pr\u00e1ctica cl\u00ednica sobre actividad f\u00edsica durante el embarazo"}]},{"@type":"WebSite","@id":"https:\/\/afipe.es\/#website","url":"https:\/\/afipe.es\/","name":"Actividad f\u00edsico-deportiva en poblaciones espec\u00edficas","description":"AFIPE","potentialAction":[{"@type":"SearchAction","target":{"@type":"EntryPoint","urlTemplate":"https:\/\/afipe.es\/?s={search_term_string}"},"query-input":{"@type":"PropertyValueSpecification","valueRequired":true,"valueName":"search_term_string"}}],"inLanguage":"en-US"}]}},"_links":{"self":[{"href":"https:\/\/afipe.es\/en\/wp-json\/wp\/v2\/pages\/5105","targetHints":{"allow":["GET"]}}],"collection":[{"href":"https:\/\/afipe.es\/en\/wp-json\/wp\/v2\/pages"}],"about":[{"href":"https:\/\/afipe.es\/en\/wp-json\/wp\/v2\/types\/page"}],"author":[{"embeddable":true,"href":"https:\/\/afipe.es\/en\/wp-json\/wp\/v2\/users\/1"}],"replies":[{"embeddable":true,"href":"https:\/\/afipe.es\/en\/wp-json\/wp\/v2\/comments?post=5105"}],"version-history":[{"count":11,"href":"https:\/\/afipe.es\/en\/wp-json\/wp\/v2\/pages\/5105\/revisions"}],"predecessor-version":[{"id":5201,"href":"https:\/\/afipe.es\/en\/wp-json\/wp\/v2\/pages\/5105\/revisions\/5201"}],"wp:featuredmedia":[{"embeddable":true,"href":"https:\/\/afipe.es\/en\/wp-json\/wp\/v2\/media\/5113"}],"wp:attachment":[{"href":"https:\/\/afipe.es\/en\/wp-json\/wp\/v2\/media?parent=5105"}],"curies":[{"name":"wp","href":"https:\/\/api.w.org\/{rel}","templated":true}]}}